{"id":2827,"date":"2020-08-26T11:03:01","date_gmt":"2020-08-26T11:03:01","guid":{"rendered":"https:\/\/bhmontejo.com\/hablamos\/"},"modified":"2025-08-23T16:08:07","modified_gmt":"2025-08-23T16:08:07","slug":"hablamos","status":"publish","type":"page","link":"https:\/\/bhmontejo.com\/es\/hablamos\/","title":{"rendered":"\u00bfHabl\u00e1mos?"},"content":{"rendered":"\n<h2 class=\"wp-block-heading\">Un negocio es simplemente una idea para mejorar la vida de otras personas<\/h2>\n\n<h3 class=\"wp-block-heading\">Vamos a convertir tu idea en realidad.<\/h3>\n\n<p>Si te ronda una idea por la cabeza y crees que hay un camino online para convertirla en realidad, no lo dudes m\u00e1s, cu\u00e9ntamela y te ayudar\u00e9 a sacarla adelante.<\/p>\n\n<ul class=\"wp-block-list\">\n<li>622256053<\/li>\n\n\n\n<li>ben@bhmontejo.com<\/li>\n\n\n\n<li>Espartero, Torrent, Valencia<\/li>\n<\/ul>\n","protected":false},"excerpt":{"rendered":"<p>Un negocio es simplemente una idea para mejorar la vida de otras personas Hagamos realidad tu idea. Si te ronda una idea por la cabeza y crees que hay un camino online para convertirla en realidad, no lo dudes m\u00e1s, cu\u00e9ntamela y te ayudar\u00e9 a sacarla adelante.<\/p>\n","protected":false},"author":3,"featured_media":4854,"parent":0,"menu_order":0,"comment_status":"closed","ping_status":"closed","template":"","meta":{"footnotes":""},"class_list":["post-2827","page","type-page","status-publish","has-post-thumbnail","hentry"],"_links":{"self":[{"href":"https:\/\/bhmontejo.com\/es\/wp-json\/wp\/v2\/pages\/2827","targetHints":{"allow":["GET"]}}],"collection":[{"href":"https:\/\/bhmontejo.com\/es\/wp-json\/wp\/v2\/pages"}],"about":[{"href":"https:\/\/bhmontejo.com\/es\/wp-json\/wp\/v2\/types\/page"}],"author":[{"embeddable":true,"href":"https:\/\/bhmontejo.com\/es\/wp-json\/wp\/v2\/users\/3"}],"replies":[{"embeddable":true,"href":"https:\/\/bhmontejo.com\/es\/wp-json\/wp\/v2\/comments?post=2827"}],"version-history":[{"count":0,"href":"https:\/\/bhmontejo.com\/es\/wp-json\/wp\/v2\/pages\/2827\/revisions"}],"wp:featuredmedia":[{"embeddable":true,"href":"https:\/\/bhmontejo.com\/es\/wp-json\/wp\/v2\/media\/4854"}],"wp:attachment":[{"href":"https:\/\/bhmontejo.com\/es\/wp-json\/wp\/v2\/media?parent=2827"}],"curies":[{"name":"wp","href":"https:\/\/api.w.org\/{rel}","templated":true}]}}