{"id":2822,"date":"2021-11-11T09:46:00","date_gmt":"2021-11-11T09:46:00","guid":{"rendered":"https:\/\/bhmontejo.com\/sobre-mi\/"},"modified":"2025-02-28T17:10:37","modified_gmt":"2025-02-28T17:10:37","slug":"sobre-mi","status":"publish","type":"page","link":"https:\/\/bhmontejo.com\/es\/sobre-mi\/","title":{"rendered":"Sobre mi"},"content":{"rendered":"\n<h2 class=\"wp-block-heading has-text-align-center\">Soy Ben Hur<\/h2>\n\n<h3 class=\"wp-block-heading has-text-align-center has-luminous-vivid-orange-color has-text-color has-link-color wp-elements-b4acfafe82afa8a33e1768f6f8189d72\">Consultor SEO experto<\/h3>\n\n<ul class=\"wp-block-social-links aligncenter has-normal-icon-size has-icon-color has-icon-background-color is-style-default is-horizontal is-content-justification-left is-nowrap is-layout-flex wp-container-core-social-links-is-layout-7926b886 wp-block-social-links-is-layout-flex\"><li style=\"color:#ffdb15;background-color:#282828;\" class=\"wp-social-link wp-social-link-facebook  wp-block-social-link\"><a rel=\"noopener nofollow\" target=\"_blank\" href=\"https:\/\/www.facebook.com\/bhmontejo\/\" class=\"wp-block-social-link-anchor\"><svg width=\"24\" height=\"24\" viewBox=\"0 0 24 24\" version=\"1.1\" xmlns=\"http:\/\/www.w3.org\/2000\/svg\" aria-hidden=\"true\" focusable=\"false\"><path d=\"M12 2C6.5 2 2 6.5 2 12c0 5 3.7 9.1 8.4 9.9v-7H7.9V12h2.5V9.8c0-2.5 1.5-3.9 3.8-3.9 1.1 0 2.2.2 2.2.2v2.5h-1.3c-1.2 0-1.6.8-1.6 1.6V12h2.8l-.4 2.9h-2.3v7C18.3 21.1 22 17 22 12c0-5.5-4.5-10-10-10z\"><\/path><\/svg><span class=\"wp-block-social-link-label screen-reader-text\">Facebook<\/span><\/a><\/li>\n\n<li style=\"color:#ffdb15;background-color:#282828;\" class=\"wp-social-link wp-social-link-instagram  wp-block-social-link\"><a rel=\"noopener nofollow\" target=\"_blank\" href=\"https:\/\/www.instagram.com\/bhmontejo\/\" class=\"wp-block-social-link-anchor\"><svg width=\"24\" height=\"24\" viewBox=\"0 0 24 24\" version=\"1.1\" xmlns=\"http:\/\/www.w3.org\/2000\/svg\" aria-hidden=\"true\" focusable=\"false\"><path d=\"M12,4.622c2.403,0,2.688,0.009,3.637,0.052c0.877,0.04,1.354,0.187,1.671,0.31c0.42,0.163,0.72,0.358,1.035,0.673 c0.315,0.315,0.51,0.615,0.673,1.035c0.123,0.317,0.27,0.794,0.31,1.671c0.043,0.949,0.052,1.234,0.052,3.637 s-0.009,2.688-0.052,3.637c-0.04,0.877-0.187,1.354-0.31,1.671c-0.163,0.42-0.358,0.72-0.673,1.035 c-0.315,0.315-0.615,0.51-1.035,0.673c-0.317,0.123-0.794,0.27-1.671,0.31c-0.949,0.043-1.233,0.052-3.637,0.052 s-2.688-0.009-3.637-0.052c-0.877-0.04-1.354-0.187-1.671-0.31c-0.42-0.163-0.72-0.358-1.035-0.673 c-0.315-0.315-0.51-0.615-0.673-1.035c-0.123-0.317-0.27-0.794-0.31-1.671C4.631,14.688,4.622,14.403,4.622,12 s0.009-2.688,0.052-3.637c0.04-0.877,0.187-1.354,0.31-1.671c0.163-0.42,0.358-0.72,0.673-1.035 c0.315-0.315,0.615-0.51,1.035-0.673c0.317-0.123,0.794-0.27,1.671-0.31C9.312,4.631,9.597,4.622,12,4.622 M12,3 C9.556,3,9.249,3.01,8.289,3.054C7.331,3.098,6.677,3.25,6.105,3.472C5.513,3.702,5.011,4.01,4.511,4.511 c-0.5,0.5-0.808,1.002-1.038,1.594C3.25,6.677,3.098,7.331,3.054,8.289C3.01,9.249,3,9.556,3,12c0,2.444,0.01,2.751,0.054,3.711 c0.044,0.958,0.196,1.612,0.418,2.185c0.23,0.592,0.538,1.094,1.038,1.594c0.5,0.5,1.002,0.808,1.594,1.038 c0.572,0.222,1.227,0.375,2.185,0.418C9.249,20.99,9.556,21,12,21s2.751-0.01,3.711-0.054c0.958-0.044,1.612-0.196,2.185-0.418 c0.592-0.23,1.094-0.538,1.594-1.038c0.5-0.5,0.808-1.002,1.038-1.594c0.222-0.572,0.375-1.227,0.418-2.185 C20.99,14.751,21,14.444,21,12s-0.01-2.751-0.054-3.711c-0.044-0.958-0.196-1.612-0.418-2.185c-0.23-0.592-0.538-1.094-1.038-1.594 c-0.5-0.5-1.002-0.808-1.594-1.038c-0.572-0.222-1.227-0.375-2.185-0.418C14.751,3.01,14.444,3,12,3L12,3z M12,7.378 c-2.552,0-4.622,2.069-4.622,4.622S9.448,16.622,12,16.622s4.622-2.069,4.622-4.622S14.552,7.378,12,7.378z M12,15 c-1.657,0-3-1.343-3-3s1.343-3,3-3s3,1.343,3,3S13.657,15,12,15z M16.804,6.116c-0.596,0-1.08,0.484-1.08,1.08 s0.484,1.08,1.08,1.08c0.596,0,1.08-0.484,1.08-1.08S17.401,6.116,16.804,6.116z\"><\/path><\/svg><span class=\"wp-block-social-link-label screen-reader-text\">Instagram<\/span><\/a><\/li>\n\n<li style=\"color:#ffdb15;background-color:#282828;\" class=\"wp-social-link wp-social-link-linkedin  wp-block-social-link\"><a rel=\"noopener nofollow\" target=\"_blank\" href=\"https:\/\/www.linkedin.com\/in\/bhmontejo\/\" class=\"wp-block-social-link-anchor\"><svg width=\"24\" height=\"24\" viewBox=\"0 0 24 24\" version=\"1.1\" xmlns=\"http:\/\/www.w3.org\/2000\/svg\" aria-hidden=\"true\" focusable=\"false\"><path d=\"M19.7,3H4.3C3.582,3,3,3.582,3,4.3v15.4C3,20.418,3.582,21,4.3,21h15.4c0.718,0,1.3-0.582,1.3-1.3V4.3 C21,3.582,20.418,3,19.7,3z M8.339,18.338H5.667v-8.59h2.672V18.338z M7.004,8.574c-0.857,0-1.549-0.694-1.549-1.548 c0-0.855,0.691-1.548,1.549-1.548c0.854,0,1.547,0.694,1.547,1.548C8.551,7.881,7.858,8.574,7.004,8.574z M18.339,18.338h-2.669 v-4.177c0-0.996-0.017-2.278-1.387-2.278c-1.389,0-1.601,1.086-1.601,2.206v4.249h-2.667v-8.59h2.559v1.174h0.037 c0.356-0.675,1.227-1.387,2.526-1.387c2.703,0,3.203,1.779,3.203,4.092V18.338z\"><\/path><\/svg><span class=\"wp-block-social-link-label screen-reader-text\">LinkedIn<\/span><\/a><\/li>\n\n<li style=\"color:#ffdb15;background-color:#282828;\" class=\"wp-social-link wp-social-link-tiktok  wp-block-social-link\"><a rel=\"noopener nofollow\" target=\"_blank\" href=\"https:\/\/www.tiktok.com\/@bhmontejo\" class=\"wp-block-social-link-anchor\"><svg width=\"24\" height=\"24\" viewBox=\"0 0 32 32\" version=\"1.1\" xmlns=\"http:\/\/www.w3.org\/2000\/svg\" aria-hidden=\"true\" focusable=\"false\"><path d=\"M16.708 0.027c1.745-0.027 3.48-0.011 5.213-0.027 0.105 2.041 0.839 4.12 2.333 5.563 1.491 1.479 3.6 2.156 5.652 2.385v5.369c-1.923-0.063-3.855-0.463-5.6-1.291-0.76-0.344-1.468-0.787-2.161-1.24-0.009 3.896 0.016 7.787-0.025 11.667-0.104 1.864-0.719 3.719-1.803 5.255-1.744 2.557-4.771 4.224-7.88 4.276-1.907 0.109-3.812-0.411-5.437-1.369-2.693-1.588-4.588-4.495-4.864-7.615-0.032-0.667-0.043-1.333-0.016-1.984 0.24-2.537 1.495-4.964 3.443-6.615 2.208-1.923 5.301-2.839 8.197-2.297 0.027 1.975-0.052 3.948-0.052 5.923-1.323-0.428-2.869-0.308-4.025 0.495-0.844 0.547-1.485 1.385-1.819 2.333-0.276 0.676-0.197 1.427-0.181 2.145 0.317 2.188 2.421 4.027 4.667 3.828 1.489-0.016 2.916-0.88 3.692-2.145 0.251-0.443 0.532-0.896 0.547-1.417 0.131-2.385 0.079-4.76 0.095-7.145 0.011-5.375-0.016-10.735 0.025-16.093z\" \/><\/svg><span class=\"wp-block-social-link-label screen-reader-text\">TikTok<\/span><\/a><\/li>\n\n<li style=\"color:#ffdb15;background-color:#282828;\" class=\"wp-social-link wp-social-link-twitter  wp-block-social-link\"><a rel=\"noopener nofollow\" target=\"_blank\" href=\"https:\/\/x.com\/bhmontejo\/\" class=\"wp-block-social-link-anchor\"><svg width=\"24\" height=\"24\" viewBox=\"0 0 24 24\" version=\"1.1\" xmlns=\"http:\/\/www.w3.org\/2000\/svg\" aria-hidden=\"true\" focusable=\"false\"><path d=\"M22.23,5.924c-0.736,0.326-1.527,0.547-2.357,0.646c0.847-0.508,1.498-1.312,1.804-2.27 c-0.793,0.47-1.671,0.812-2.606,0.996C18.324,4.498,17.257,4,16.077,4c-2.266,0-4.103,1.837-4.103,4.103 c0,0.322,0.036,0.635,0.106,0.935C8.67,8.867,5.647,7.234,3.623,4.751C3.27,5.357,3.067,6.062,3.067,6.814 c0,1.424,0.724,2.679,1.825,3.415c-0.673-0.021-1.305-0.206-1.859-0.513c0,0.017,0,0.034,0,0.052c0,1.988,1.414,3.647,3.292,4.023 c-0.344,0.094-0.707,0.144-1.081,0.144c-0.264,0-0.521-0.026-0.772-0.074c0.522,1.63,2.038,2.816,3.833,2.85 c-1.404,1.1-3.174,1.756-5.096,1.756c-0.331,0-0.658-0.019-0.979-0.057c1.816,1.164,3.973,1.843,6.29,1.843 c7.547,0,11.675-6.252,11.675-11.675c0-0.178-0.004-0.355-0.012-0.531C20.985,7.47,21.68,6.747,22.23,5.924z\"><\/path><\/svg><span class=\"wp-block-social-link-label screen-reader-text\">Twitter<\/span><\/a><\/li><\/ul>\n\n<div style=\"height:60px\" aria-hidden=\"true\" class=\"wp-block-spacer\"><\/div>\n\n<h2 class=\"wp-block-heading\">Mis principales puntos fuertes<\/h2>\n\n<div class=\"wp-block-columns are-vertically-aligned-center is-layout-flex wp-container-core-columns-is-layout-28f84493 wp-block-columns-is-layout-flex\">\n<div class=\"wp-block-column is-vertically-aligned-center is-layout-flow wp-block-column-is-layout-flow\" style=\"flex-basis:6%\">\n<figure class=\"wp-block-image aligncenter size-large is-style-default\"><img decoding=\"async\" src=\"data:image\/svg+xml,%3Csvg xmlns='http:\/\/www.w3.org\/2000\/svg' width='48' height='48' viewBox='0 0 24 24'%3E%3Cg fill='none' stroke='%23ff6900' stroke-linecap='round' stroke-linejoin='round' stroke-width='1.5'%3E%3Ccircle cx='12' cy='12' r='10'\/%3E%3Ccircle cx='12' cy='12' r='6'\/%3E%3Ccircle cx='12' cy='12' r='2'\/%3E%3C\/g%3E%3C\/svg%3E\" alt=\"\"\/><\/figure>\n<\/div>\n\n\n\n<div class=\"wp-block-column is-vertically-aligned-center is-layout-flow wp-block-column-is-layout-flow\" style=\"flex-basis:94%\">\n<p><strong>Estrategia personalizada.<\/strong><br\/>Desarrollo estrategias SEO \u00fanicas adaptadas a cada negocio, maximizando el potencial de crecimiento online.<\/p>\n<\/div>\n<\/div>\n\n<div class=\"wp-block-columns are-vertically-aligned-center is-layout-flex wp-container-core-columns-is-layout-28f84493 wp-block-columns-is-layout-flex\">\n<div class=\"wp-block-column is-vertically-aligned-center is-layout-flow wp-block-column-is-layout-flow\" style=\"flex-basis:6%\">\n<figure class=\"wp-block-image aligncenter size-large\"><img decoding=\"async\" src=\"data:image\/svg+xml,%3Csvg xmlns='http:\/\/www.w3.org\/2000\/svg' width='48' height='48' viewBox='0 0 24 24'%3E%3Cpath fill='none' stroke='%23ff6900' stroke-linecap='round' stroke-linejoin='round' stroke-width='1.5' d='M12 16v5m4-7v7m4-11v11m2-18l-8.646 8.646a.5.5 0 0 1-.708 0L9.354 8.354a.5.5 0 0 0-.707 0L2 15m2 3v3m4-7v7'\/%3E%3C\/svg%3E\" alt=\"\"\/><\/figure>\n<\/div>\n\n\n\n<div class=\"wp-block-column is-vertically-aligned-center is-layout-flow wp-block-column-is-layout-flow\" style=\"flex-basis:94%\">\n<p><strong>Resultados medibles.<\/strong><br\/>Centrarme en m\u00e9tricas concretas y an\u00e1lisis detallados para demostrar el impacto real de mis estrategias SEO.<\/p>\n<\/div>\n<\/div>\n\n<div class=\"wp-block-columns are-vertically-aligned-center is-layout-flex wp-container-core-columns-is-layout-28f84493 wp-block-columns-is-layout-flex\">\n<div class=\"wp-block-column is-vertically-aligned-center is-layout-flow wp-block-column-is-layout-flow\" style=\"flex-basis:6%\">\n<figure class=\"wp-block-image aligncenter size-large\"><img decoding=\"async\" src=\"data:image\/svg+xml,%3Csvg xmlns='http:\/\/www.w3.org\/2000\/svg' width='48' height='48' viewBox='0 0 24 24'%3E%3Cg fill='none' stroke='%23ff6900' stroke-linecap='round' stroke-linejoin='round' stroke-width='1.5'%3E%3Cpath d='m15.477 12.89l1.515 8.526a.5.5 0 0 1-.81.47l-3.58-2.687a1 1 0 0 0-1.197 0l-3.586 2.686a.5.5 0 0 1-.81-.469l1.514-8.526'\/%3E%3Ccircle cx='12' cy='8' r='6'\/%3E%3C\/g%3E%3C\/svg%3E\" alt=\"\"\/><\/figure>\n<\/div>\n\n\n\n<div class=\"wp-block-column is-vertically-aligned-center is-layout-flow wp-block-column-is-layout-flow\" style=\"flex-basis:94%\">\n<p><strong>Experiencia demostrada.<\/strong><br\/>M\u00e1s de 12 a\u00f1os ayudando a empresas a mejorar su visibilidad online y aumentar su tr\u00e1fico org\u00e1nico.<\/p>\n<\/div>\n<\/div>\n\n<p><\/p>\n\n<h2 class=\"wp-block-heading\">Trayectoria profesional | Sobre m\u00ed<\/h2>\n\n<h3 class=\"wp-block-heading\">Experiencia profesional<\/h3>\n\n<ul class=\"wp-block-list\">\n<li>Toda mi <a href=\"https:\/\/www.linkedin.com\/in\/bhmontejo\/details\/experience\/\" target=\"_blank\" data-type=\"link\" data-id=\"https:\/\/www.linkedin.com\/in\/bhmontejo\/details\/experience\/\" rel=\"noreferrer noopener\">experiencia en Linkedin<\/a>.<\/li>\n\n\n\n<li><strong>2023 &#8211; Presente.<\/strong> Consultor SEO en el Grupo <a href=\"https:\/\/onefamhostels.com\/\" data-type=\"link\" data-id=\"https:\/\/onefamhostels.com\/\" target=\"_blank\" rel=\"noreferrer noopener\">Onefam<\/a>.<\/li>\n\n\n\n<li><strong>2023 &#8211; Presente.<\/strong> Consultor SEO en <a href=\"https:\/\/aspaymcv.org\/\" data-type=\"link\" data-id=\"https:\/\/aspaymcv.org\/\" target=\"_blank\" rel=\"noreferrer noopener\">Aspaym Comunidad Valenciana<\/a>.<\/li>\n\n\n\n<li><strong>2022 &#8211; Presente.<\/strong> Dise\u00f1o web en<a href=\"https:\/\/selectaescritura.com\/\" target=\"_blank\" data-type=\"link\" data-id=\"https:\/\/selectaescritura.com\/\" rel=\"noreferrer noopener\">Selecta Escritura<\/a>.<\/li>\n\n\n\n<li><strong>2020 &#8211; Presente.<\/strong> Consultor SEO en <a href=\"https:\/\/devoradorescatering.com\/\" target=\"_blank\" data-type=\"link\" data-id=\"https:\/\/devoradorescatering.com\/\" rel=\"noreferrer noopener\">Devoradores Catering Valencia<\/a>.<\/li>\n\n\n\n<li><strong>2011 &#8211; 2023.<\/strong> Consultor SEO en el Grupo <a href=\"https:\/\/feetuphostels.com\/\" target=\"_blank\" data-type=\"link\" data-id=\"https:\/\/feetuphostels.com\/\" rel=\"noreferrer noopener\">Feet Up Hostels<\/a>.<\/li>\n\n\n\n<li><strong>2015 &#8211; 2017.<\/strong> Consultor de marketing digital \/ SEO en Home Parking Valencia.<\/li>\n\n\n\n<li><strong>2015 &#8211; 2019.<\/strong> Consultor de Marketing Digital y SEO en <a href=\"https:\/\/www.linkedin.com\/company\/cursos-implantologia-cirugia-oral-republica-dominicana\/\" target=\"_blank\" data-type=\"link\" data-id=\"https:\/\/www.linkedin.com\/company\/cursos-implantologia-cirugia-oral-republica-dominicana\/\" rel=\"noreferrer noopener\">CICORD<\/a>.<\/li>\n\n\n\n<li><strong>2013 &#8211; 2013.<\/strong> Consultor SEO en el Grupo <a href=\"https:\/\/homehostelsvalencia.com\/\" data-type=\"link\" data-id=\"https:\/\/homehostelsvalencia.com\/\" target=\"_blank\" rel=\"noreferrer noopener\">H\u00f4me Hostels<\/a>.<\/li>\n\n\n\n<li><strong>2012 &#8211; 2020.<\/strong> Marketing Digital y SEO en <a href=\"https:\/\/dentalgomezferrer.com\/\" target=\"_blank\" data-type=\"link\" data-id=\"https:\/\/dentalgomezferrer.com\/\" rel=\"noreferrer noopener\">Cl\u00ednica Dental G\u00f3mez-Ferrer<\/a>.<\/li>\n\n\n\n<li><strong>2012 &#8211; 2013.<\/strong> SEO Manager &amp; Dise\u00f1o Web en <a href=\"https:\/\/newsamayhostel.com\/\" target=\"_blank\" data-type=\"link\" data-id=\"https:\/\/newsamayhostel.com\/\" rel=\"noreferrer noopener\">Samay Hostels<\/a>.<\/li>\n\n\n\n<li><strong>2012 &#8211; 2012.<\/strong> Dise\u00f1ador web aut\u00f3nomo. <a href=\"https:\/\/www.asesoriadbgest.com\/\" target=\"_blank\" rel=\"noreferrer noopener\">dbGest &#8211; Gestor\u00eda fiscal, contable y laboral<\/a>.<\/li>\n\n\n\n<li><strong>2010 &#8211; Presente.<\/strong> <a href=\"https:\/\/bhmontejo.com\/what-is-seo-consultant-and-what-are-their-tasks\/\" data-type=\"post\" data-id=\"3368\" target=\"_blank\" rel=\"noreferrer noopener\">Consultor SEO<\/a> independiente.<\/li>\n<\/ul>\n\n<div style=\"height:50px\" aria-hidden=\"true\" class=\"wp-block-spacer\"><\/div>\n\n<h2 class=\"wp-block-heading\">Certificaciones | Sobre m\u00ed<\/h2>\n\n<div class=\"wp-block-columns are-vertically-aligned-center is-layout-flex wp-container-core-columns-is-layout-28f84493 wp-block-columns-is-layout-flex\">\n<div class=\"wp-block-column is-vertically-aligned-center is-layout-flow wp-block-column-is-layout-flow\" style=\"flex-basis:6%\">\n<figure class=\"wp-block-image aligncenter size-large is-style-default\"><img decoding=\"async\" src=\"data:image\/svg+xml,%3Csvg xmlns='http:\/\/www.w3.org\/2000\/svg' width='46.91' height='48' viewBox='0 0 256 262'%3E%3Cpath fill='%234285f4' d='M255.878 133.451c0-10.734-.871-18.567-2.756-26.69H130.55v48.448h71.947c-1.45 12.04-9.283 30.172-26.69 42.356l-.244 1.622l38.755 30.023l2.685.268c24.659-22.774 38.875-56.282 38.875-96.027'\/%3E%3Cpath fill='%2334a853' d='M130.55 261.1c35.248 0 64.839-11.605 86.453-31.622l-41.196-31.913c-11.024 7.688-25.82 13.055-45.257 13.055c-34.523 0-63.824-22.773-74.269-54.25l-1.531.13l-40.298 31.187l-.527 1.465C35.393 231.798 79.49 261.1 130.55 261.1'\/%3E%3Cpath fill='%23fbbc05' d='M56.281 156.37c-2.756-8.123-4.351-16.827-4.351-25.82c0-8.994 1.595-17.697 4.206-25.82l-.073-1.73L15.26 71.312l-1.335.635C5.077 89.644 0 109.517 0 130.55s5.077 40.905 13.925 58.602z'\/%3E%3Cpath fill='%23eb4335' d='M130.55 50.479c24.514 0 41.05 10.589 50.479 19.438l36.844-35.974C195.245 12.91 165.798 0 130.55 0C79.49 0 35.393 29.301 13.925 71.947l42.211 32.783c10.59-31.477 39.891-54.251 74.414-54.251'\/%3E%3C\/svg%3E\" alt=\"\"\/><\/figure>\n<\/div>\n\n\n\n<div class=\"wp-block-column is-vertically-aligned-center is-layout-flow wp-block-column-is-layout-flow\" style=\"flex-basis:94%\">\n<p><strong>Academia Google<\/strong><br\/>Anal\u00edtica web <\/p>\n<\/div>\n<\/div>\n\n<div class=\"wp-block-columns are-vertically-aligned-center is-layout-flex wp-container-core-columns-is-layout-28f84493 wp-block-columns-is-layout-flex\">\n<div class=\"wp-block-column is-vertically-aligned-center is-layout-flow wp-block-column-is-layout-flow\" style=\"flex-basis:6%\">\n<figure class=\"wp-block-image aligncenter size-large is-style-default\"><img decoding=\"async\" src=\"data:image\/svg+xml,%3Csvg xmlns='http:\/\/www.w3.org\/2000\/svg' width='48' height='48' viewBox='0 0 24 24'%3E%3Cg fill='none' stroke='%2353d512' stroke-linecap='round' stroke-linejoin='round' stroke-width='1.5'%3E%3Cpath d='M6 9H4.5a2.5 2.5 0 0 1 0-5H6m12 5h1.5a2.5 2.5 0 0 0 0-5H18M4 22h16m-10-7.34V17c0 .55-.47.98-.97 1.21C7.85 18.75 7 20.24 7 22m7-7.34V17c0 .55.47.98.97 1.21C16.15 18.75 17 20.24 17 22'\/%3E%3Cpath d='M18 2H6v7a6 6 0 0 0 12 0z'\/%3E%3C\/g%3E%3C\/svg%3E\" alt=\"\"\/><\/figure>\n<\/div>\n\n\n\n<div class=\"wp-block-column is-vertically-aligned-center is-layout-flow wp-block-column-is-layout-flow\" style=\"flex-basis:94%\">\n<p><strong>Academia SEMrush<\/strong><br\/>Graduado SEMrush<\/p>\n<\/div>\n<\/div>\n\n<div class=\"wp-block-columns are-vertically-aligned-center is-layout-flex wp-container-core-columns-is-layout-28f84493 wp-block-columns-is-layout-flex\">\n<div class=\"wp-block-column is-vertically-aligned-center is-layout-flow wp-block-column-is-layout-flow\" style=\"flex-basis:6%\">\n<figure class=\"wp-block-image aligncenter size-large is-style-default\"><img decoding=\"async\" src=\"data:image\/svg+xml,%3Csvg xmlns='http:\/\/www.w3.org\/2000\/svg' width='164.94' height='48' viewBox='0 0 512 149'%3E%3Cpath fill='%2345535e' d='M.06 27.679h17.852v39.662h37.651V27.679h17.875v97.358H55.563V84.542H17.912v40.495H.06zm129.933 65.647c0 8.15-6.64 14.782-14.788 14.782c-8.151 0-14.787-6.632-14.787-14.782V51.41h-16.93v41.916c0 17.487 14.229 31.711 31.717 31.711c17.484 0 31.712-14.224 31.712-31.711V51.41h-16.924zm64.186-41.425c-8.398 0-14.26 2.437-19.921 7.994V27.679h-16.985v59.705c0 22.348 16.158 37.653 34.311 37.653c20.181 0 37.863-15.578 37.863-36.567c0-20.723-16.305-36.569-35.268-36.569m.422 57.423c-11.509 0-20.31-9.612-20.31-20.854c0-11.244 8.801-20.859 20.31-20.859c9.752 0 18.558 9.615 18.558 20.859c0 11.242-8.806 20.854-18.558 20.854m63.373-53.144c0-8.538 5.689-11.245 11.917-11.245c5.014 0 11.649 3.792 15.979 8.398l11.103-13.001c-5.549-7.448-16.788-12.596-25.998-12.596c-18.421 0-31.694 10.7-31.694 28.444c0 32.91 40.497 22.478 40.497 40.902c0 5.682-5.551 10.698-11.913 10.698c-10.026 0-13.278-4.876-17.881-10.024l-12.327 12.729c7.86 9.617 17.608 14.495 29.257 14.495c17.47 0 31.556-10.835 31.556-27.767c0-36.566-40.496-25.188-40.496-41.033m85.21-5.233c-18.151 0-34.311 15.296-34.311 37.649v59.859h16.984v-32.369c5.662 5.553 11.521 7.994 19.922 7.994c18.962 0 35.269-15.844 35.269-36.567c0-20.992-17.687-36.566-37.864-36.566m3.018 57.425c-11.508 0-20.31-9.625-20.31-20.859c0-11.244 8.802-20.859 20.31-20.859c9.75 0 18.557 9.615 18.557 20.859c0 11.234-8.807 20.859-18.557 20.859m159.867.952c-10.018 0-12.862-4.332-12.862-10.971V68.965h15.572V54.069h-15.572v-19.64l-17.195 7.718v59.863c0 15.306 10.56 23.027 25.045 23.027c2.167 0 5.15-.14 6.777-.541l4.199-15.438c-1.896.131-4.062.266-5.964.266'\/%3E%3Cpath fill='%23f8761f' d='M461.278 69.831c-3.256-5.602-7.836-10.093-13.562-13.474c-4.279-2.491-8.716-4.072-13.716-4.751v-17.8c5-2.123 8.103-6.822 8.103-12.304c0-7.472-5.992-13.527-13.458-13.527c-7.472 0-13.569 6.055-13.569 13.527c0 5.482 2.924 10.181 7.924 12.304v17.808c-4 .578-8.148 1.825-11.936 3.741c-7.737-5.876-33.107-25.153-47.948-36.412c.352-1.269.623-2.577.623-3.957c0-8.276-6.702-14.984-14.981-14.984S333.78 6.71 333.78 14.986s6.706 14.985 14.985 14.985c2.824 0 5.436-.826 7.69-2.184l3.132 2.376l43.036 31.008c-2.275 2.089-4.394 4.465-6.089 7.131C393.099 73.737 391 79.717 391 86.24v1.361c0 4.579.87 8.902 2.352 12.963c1.305 3.546 3.213 6.77 5.576 9.685l-14.283 14.318a11.5 11.5 0 0 0-12.166 2.668a11.5 11.5 0 0 0-3.388 8.19c.001 3.093 1.206 6 3.394 8.187a11.5 11.5 0 0 0 8.188 3.394a11.5 11.5 0 0 0 8.191-3.394a11.5 11.5 0 0 0 3.39-8.187c0-1.197-.185-2.365-.533-3.475l14.763-14.765c2.024 1.398 4.21 2.575 6.56 3.59c4.635 2.004 9.751 3.225 15.35 3.225h1.026c6.19 0 12.029-1.454 17.518-4.428c5.784-3.143 10.311-7.441 13.731-12.928c3.438-5.502 5.331-11.581 5.331-18.269v-.334c0-6.579-1.523-12.649-4.722-18.21m-18.038 30.973c-4.007 4.453-8.613 7.196-13.82 7.196h-.858c-2.974 0-5.883-.822-8.731-2.317c-3.21-1.646-5.65-3.994-7.647-6.967c-2.064-2.918-3.184-6.104-3.184-9.482v-1.026c0-3.321.637-6.47 2.243-9.444c1.717-3.251 4.036-5.779 7.12-7.789c3.028-1.996 6.262-2.975 9.864-2.975h.335c3.266 0 6.358.644 9.276 2.137c2.973 1.592 5.402 3.767 7.285 6.628c1.829 2.862 2.917 5.949 3.267 9.312c.055.699.083 1.415.083 2.099c0 4.564-1.744 8.791-5.233 12.628'\/%3E%3C\/svg%3E\" alt=\"\"\/><\/figure>\n<\/div>\n\n\n\n<div class=\"wp-block-column is-vertically-aligned-center is-layout-flow wp-block-column-is-layout-flow\" style=\"flex-basis:94%\">\n<p><strong>HubSpot<\/strong><br\/>Certificaci\u00f3n HubSpot Inbound Marketing<\/p>\n<\/div>\n<\/div>\n\n<div class=\"wp-block-columns are-vertically-aligned-center is-layout-flex wp-container-core-columns-is-layout-28f84493 wp-block-columns-is-layout-flex\">\n<div class=\"wp-block-column is-vertically-aligned-center is-layout-flow wp-block-column-is-layout-flow\" style=\"flex-basis:6%\">\n<figure class=\"wp-block-image aligncenter size-large is-style-default\"><img decoding=\"async\" src=\"data:image\/svg+xml,%3Csvg xmlns='http:\/\/www.w3.org\/2000\/svg' width='46.91' height='48' viewBox='0 0 256 262'%3E%3Cpath fill='%234285f4' d='M255.878 133.451c0-10.734-.871-18.567-2.756-26.69H130.55v48.448h71.947c-1.45 12.04-9.283 30.172-26.69 42.356l-.244 1.622l38.755 30.023l2.685.268c24.659-22.774 38.875-56.282 38.875-96.027'\/%3E%3Cpath fill='%2334a853' d='M130.55 261.1c35.248 0 64.839-11.605 86.453-31.622l-41.196-31.913c-11.024 7.688-25.82 13.055-45.257 13.055c-34.523 0-63.824-22.773-74.269-54.25l-1.531.13l-40.298 31.187l-.527 1.465C35.393 231.798 79.49 261.1 130.55 261.1'\/%3E%3Cpath fill='%23fbbc05' d='M56.281 156.37c-2.756-8.123-4.351-16.827-4.351-25.82c0-8.994 1.595-17.697 4.206-25.82l-.073-1.73L15.26 71.312l-1.335.635C5.077 89.644 0 109.517 0 130.55s5.077 40.905 13.925 58.602z'\/%3E%3Cpath fill='%23eb4335' d='M130.55 50.479c24.514 0 41.05 10.589 50.479 19.438l36.844-35.974C195.245 12.91 165.798 0 130.55 0C79.49 0 35.393 29.301 13.925 71.947l42.211 32.783c10.59-31.477 39.891-54.251 74.414-54.251'\/%3E%3C\/svg%3E\" alt=\"\"\/><\/figure>\n<\/div>\n\n\n\n<div class=\"wp-block-column is-vertically-aligned-center is-layout-flow wp-block-column-is-layout-flow\" style=\"flex-basis:94%\">\n<p><strong>Academia Google<\/strong><br\/>Curso de comercio electr\u00f3nico<\/p>\n<\/div>\n<\/div>\n\n<div class=\"wp-block-columns are-vertically-aligned-center is-layout-flex wp-container-core-columns-is-layout-28f84493 wp-block-columns-is-layout-flex\">\n<div class=\"wp-block-column is-vertically-aligned-center is-layout-flow wp-block-column-is-layout-flow\" style=\"flex-basis:6%\">\n<figure class=\"wp-block-image aligncenter size-large is-style-default\"><img decoding=\"async\" src=\"data:image\/svg+xml,%3Csvg xmlns='http:\/\/www.w3.org\/2000\/svg' width='46.91' height='48' viewBox='0 0 256 262'%3E%3Cpath fill='%234285f4' d='M255.878 133.451c0-10.734-.871-18.567-2.756-26.69H130.55v48.448h71.947c-1.45 12.04-9.283 30.172-26.69 42.356l-.244 1.622l38.755 30.023l2.685.268c24.659-22.774 38.875-56.282 38.875-96.027'\/%3E%3Cpath fill='%2334a853' d='M130.55 261.1c35.248 0 64.839-11.605 86.453-31.622l-41.196-31.913c-11.024 7.688-25.82 13.055-45.257 13.055c-34.523 0-63.824-22.773-74.269-54.25l-1.531.13l-40.298 31.187l-.527 1.465C35.393 231.798 79.49 261.1 130.55 261.1'\/%3E%3Cpath fill='%23fbbc05' d='M56.281 156.37c-2.756-8.123-4.351-16.827-4.351-25.82c0-8.994 1.595-17.697 4.206-25.82l-.073-1.73L15.26 71.312l-1.335.635C5.077 89.644 0 109.517 0 130.55s5.077 40.905 13.925 58.602z'\/%3E%3Cpath fill='%23eb4335' d='M130.55 50.479c24.514 0 41.05 10.589 50.479 19.438l36.844-35.974C195.245 12.91 165.798 0 130.55 0C79.49 0 35.393 29.301 13.925 71.947l42.211 32.783c10.59-31.477 39.891-54.251 74.414-54.251'\/%3E%3C\/svg%3E\" alt=\"\"\/><\/figure>\n<\/div>\n\n\n\n<div class=\"wp-block-column is-vertically-aligned-center is-layout-flow wp-block-column-is-layout-flow\" style=\"flex-basis:94%\">\n<p><strong>Academia Google<\/strong><br\/>Productividad personal en la era digital<\/p>\n<\/div>\n<\/div>\n\n<div class=\"wp-block-columns are-vertically-aligned-center is-layout-flex wp-container-core-columns-is-layout-28f84493 wp-block-columns-is-layout-flex\">\n<div class=\"wp-block-column is-vertically-aligned-center is-layout-flow wp-block-column-is-layout-flow\" style=\"flex-basis:6%\">\n<figure class=\"wp-block-image aligncenter size-large is-style-default\"><img decoding=\"async\" src=\"https:\/\/www.uned.es\/universidad\/.imaging\/mte\/home-nueva-theme\/120\/dam\/recursos-corporativos\/logotipos\/genericos\/Logo-UNED-30x30_Color.png\/jcr:content\/Logo-UNED-bajares.png\" alt=\"\"\/><\/figure>\n<\/div>\n\n\n\n<div class=\"wp-block-column is-vertically-aligned-center is-layout-flow wp-block-column-is-layout-flow\" style=\"flex-basis:94%\">\n<p><strong>UNED<\/strong><br\/>Marketing digital<\/p>\n<\/div>\n<\/div>\n","protected":false},"excerpt":{"rendered":"<p>Soy un consultor SEO apasionado por transformar la presencia digital de las empresas. Con m\u00e1s de 12 a\u00f1os de experiencia, he ayudado a m\u00e1s de 50 clientes a mejorar su visibilidad en los buscadores y a aumentar significativamente su tr\u00e1fico org\u00e1nico. <\/p>\n","protected":false},"author":3,"featured_media":3489,"parent":0,"menu_order":0,"comment_status":"closed","ping_status":"closed","template":"","meta":{"footnotes":""},"class_list":["post-2822","page","type-page","status-publish","has-post-thumbnail","hentry"],"_links":{"self":[{"href":"https:\/\/bhmontejo.com\/es\/wp-json\/wp\/v2\/pages\/2822","targetHints":{"allow":["GET"]}}],"collection":[{"href":"https:\/\/bhmontejo.com\/es\/wp-json\/wp\/v2\/pages"}],"about":[{"href":"https:\/\/bhmontejo.com\/es\/wp-json\/wp\/v2\/types\/page"}],"author":[{"embeddable":true,"href":"https:\/\/bhmontejo.com\/es\/wp-json\/wp\/v2\/users\/3"}],"replies":[{"embeddable":true,"href":"https:\/\/bhmontejo.com\/es\/wp-json\/wp\/v2\/comments?post=2822"}],"version-history":[{"count":0,"href":"https:\/\/bhmontejo.com\/es\/wp-json\/wp\/v2\/pages\/2822\/revisions"}],"wp:featuredmedia":[{"embeddable":true,"href":"https:\/\/bhmontejo.com\/es\/wp-json\/wp\/v2\/media\/3489"}],"wp:attachment":[{"href":"https:\/\/bhmontejo.com\/es\/wp-json\/wp\/v2\/media?parent=2822"}],"curies":[{"name":"wp","href":"https:\/\/api.w.org\/{rel}","templated":true}]}}