{"id":2818,"date":"2020-06-07T11:45:53","date_gmt":"2020-06-07T11:45:53","guid":{"rendered":"https:\/\/bhmontejo.com\/servicios\/"},"modified":"2024-12-27T13:51:00","modified_gmt":"2024-12-27T13:51:00","slug":"servicios","status":"publish","type":"page","link":"https:\/\/bhmontejo.com\/es\/servicios\/","title":{"rendered":"Servicios"},"content":{"rendered":"\n<h2 class=\"wp-block-heading\">El poder de los servicios SEO: c\u00f3mo llevar tu negocio al siguiente nivel<\/h2>\n\n<p>En el mundo digital actual, tener una s\u00f3lida presencia en Internet es esencial para el \u00e9xito de cualquier empresa. Sin embargo, no basta con tener un sitio web. Para que tu negocio sea visible y accesible para tus clientes potenciales, necesitas una estrategia SEO eficaz.  <\/p>\n\n<p>Los servicios SEO son una inversi\u00f3n que puede marcar la diferencia en el \u00e9xito de tu negocio. Al optimizar tu sitio web para los motores de b\u00fasqueda, puedes aumentar tu visibilidad, atraer m\u00e1s tr\u00e1fico y generar m\u00e1s clientes potenciales. <\/p>\n\n<h2 class=\"wp-block-heading\">\u00bfC\u00f3mo pueden beneficiar a tu empresa los servicios SEO?<\/h2>\n\n<p><strong>Aumenta tu visibilidad:<\/strong> Al mejorar tu posicionamiento en los buscadores, m\u00e1s gente te encontrar\u00e1 en Internet.<\/p>\n\n<p><strong>Atrae m\u00e1s tr\u00e1fico:<\/strong> Aumenta el n\u00famero de visitantes de tu sitio web e incrementa tus posibilidades de conversi\u00f3n.<\/p>\n\n<p><strong>Genera m\u00e1s clientes potenciales:<\/strong> Convierte a los visitantes en clientes potenciales y aumenta tus ventas.<\/p>\n\n<p><strong>Mejora tu reputaci\u00f3n:<\/strong> Al aparecer en las primeras posiciones de los buscadores, aumentar\u00e1s la credibilidad y la confianza de tus clientes.<\/p>\n\n<h2 class=\"wp-block-heading\">\u00bfC\u00f3mo implementas tus servicios SEO?<\/h2>\n\n<p>Tengo un equipo de expertos en SEO con a\u00f1os de experiencia en el sector. Sabemos lo que funciona y lo que no, y podemos ayudarte a poner en marcha una estrategia eficaz que te lleve al \u00e9xito con los siguientes servicios SEO: <\/p>\n\n<h2 class=\"wp-block-heading\">An\u00e1lisis inicial<\/h2>\n\n<h3 class=\"wp-block-heading\">Tu hoja de ruta SEO.<\/h3>\n\n<p>Piensa en tu sitio web como en un viaje. Mi an\u00e1lisis inicial es tu hoja de ruta hacia el \u00e9xito online. Profundizar\u00e9 en tu sector, competidores y p\u00fablico objetivo para crear una estrategia SEO a medida que te lleve adonde quieres ir. \u00abTracemos juntos tu rumbo\u00bb.   <\/p>\n\n<h2 class=\"wp-block-heading\">SEO On-Page<\/h2>\n\n<h3 class=\"wp-block-heading\">Optimiza la b\u00fasqueda y la experiencia del usuario.<\/h3>\n\n<p>Tu sitio web es tu escaparate digital. Me asegurar\u00e9 de que est\u00e9 optimizado para atraer tanto a los motores de b\u00fasqueda como a los clientes. Desde la elaboraci\u00f3n de meta descripciones convincentes hasta la estructuraci\u00f3n del contenido para una mejor legibilidad, me asegurar\u00e9 de que tus p\u00e1ginas sean f\u00e1ciles de usar y de usar para los motores de b\u00fasqueda.  <\/p>\n\n<h2 class=\"wp-block-heading\">SEO Off-Page<\/h2>\n\n<h3 class=\"wp-block-heading\">Construye tu autoridad y confianza online.<\/h3>\n\n<p>Construir una s\u00f3lida presencia en Internet va m\u00e1s all\u00e1 de tu sitio web. Te ayudar\u00e9 a construir v\u00ednculos de retroceso de alta calidad, a crear contenidos compartibles y a gestionar tu reputaci\u00f3n online. Juntos, estableceremos tu marca como una autoridad de confianza en tu sector.  <\/p>\n\n<h2 class=\"wp-block-heading\">SEO especializado<\/h2>\n\n<h3 class=\"wp-block-heading\">Soluciones adaptadas a tu negocio.<\/h3>\n\n<p>Tanto si vendes productos en Internet como si prestas servicios locales o te diriges a un nicho espec\u00edfico, tengo la experiencia necesaria para obtener resultados. Crear\u00e9 una estrategia SEO personalizada que se ajuste a tus objetivos y retos empresariales \u00fanicos. <\/p>\n\n<h2 class=\"wp-block-heading\">Arquitectura web<\/h2>\n\n<h3 class=\"wp-block-heading\">Una base s\u00f3lida para el SEO.<\/h3>\n\n<p>Un sitio web bien estructurado es como un edificio robusto. Optimizar\u00e9 la arquitectura de tu sitio para mejorar la navegaci\u00f3n, mejorar la experiencia del usuario y facilitar que los motores de b\u00fasqueda rastreen e indexen tu contenido. Construyamos una base s\u00f3lida para tu \u00e9xito en Internet.  <\/p>\n\n<h2 class=\"wp-block-heading\">Optimizar el rendimiento<\/h2>\n\n<h3 class=\"wp-block-heading\">Acelera tu sitio y aumenta las conversiones.<\/h3>\n\n<p>Un sitio web lento es una oportunidad perdida. Optimizar\u00e9 la velocidad y el rendimiento de tu sitio para garantizar una experiencia de usuario fluida. Tiempos de carga m\u00e1s r\u00e1pidos significan mejores posiciones y m\u00e1s conversiones.  <\/p>\n\n<h2 class=\"wp-block-heading\">Mentor\u00eda SEO<\/h2>\n\n<h3 class=\"wp-block-heading\">Empod\u00e9rate con conocimientos de SEO.<\/h3>\n\n<p>\u00bfQuieres tomar el control de tu SEO? Te ense\u00f1ar\u00e9 c\u00f3mo hacerlo y te capacitar\u00e9 para tomar decisiones basadas en datos. Con mi <a href=\"https:\/\/bhmontejo.com\/es\/mentoria-seo\/\" data-type=\"page\" data-id=\"1463\">Mentor\u00eda SEO<\/a>, adquirir\u00e1s las habilidades y la confianza necesarias para optimizar tu sitio web y alcanzar el \u00e9xito a largo plazo.\u00bb  <\/p>\n\n<h2 class=\"wp-block-heading\">Anal\u00edtica web<\/h2>\n\n<h3 class=\"wp-block-heading\">Decisiones basadas en datos para el crecimiento.<\/h3>\n\n<p>Los datos no mienten. Configurar\u00e9 y analizar\u00e9 los an\u00e1lisis de tu sitio web para descubrir informaci\u00f3n valiosa sobre tu audiencia. <a href=\"\" target=\"\" data-type=\"\" data-id=\"\" rel=\"\">Con estos datos<\/a>, podemos tomar decisiones informadas para mejorar tus esfuerzos de marketing e impulsar el crecimiento.\u00bb <\/p>\n\n<h2 class=\"wp-block-heading\">Mantenimiento web<\/h2>\n\n<h3 class=\"wp-block-heading\">Mant\u00e9n tu sitio seguro y saludable.<\/h3>\n\n<p>Al igual que un coche necesita un mantenimiento regular, tu sitio web necesita un cuidado continuo. Mantendr\u00e9 tu sitio actualizado con los \u00faltimos parches de seguridad y me asegurar\u00e9 de que siempre rinda al m\u00e1ximo\u00bb. <\/p>\n\n<h2 class=\"wp-block-heading\">Dise\u00f1o web<\/h2>\n\n<h3 class=\"wp-block-heading\">Crea una presencia online impactante.<\/h3>\n\n<p>Tu sitio web es tu marca digital. Dise\u00f1ar\u00e9 un sitio web visualmente atractivo y f\u00e1cil de usar que refleje la identidad de tu marca e impulse las conversiones. Creemos un sitio web que cautive a tus visitantes\u00bb.  <\/p>\n\n<h2 class=\"wp-block-heading\">Seguridad web<\/h2>\n\n<h3 class=\"wp-block-heading\">Protege tu empresa de las ciberamenazas.<\/h3>\n\n<p>En el mundo digital actual, la seguridad es primordial. Implementar\u00e9 medidas de seguridad s\u00f3lidas para proteger tu sitio web y los datos de tus clientes. Tu tranquilidad es mi prioridad\u00bb.  <\/p>\n\n<h2 class=\"wp-block-heading\">\u00bfListo para subir de nivel en tu juego online?<\/h2>\n\n<p>Trabajemos juntos para alcanzar tus objetivos SEO. Ponte en <a href=\"https:\/\/bhmontejo.com\/es\/hablamos\/\" data-type=\"page\" data-id=\"1392\">contacto <\/a>hoy mismo para una consulta gratuita.<\/p>\n\n<p><strong>No pierdas la oportunidad de dominar los resultados de b\u00fasqueda y hacer crecer tu negocio.<\/strong><\/p>\n\n<p><\/p>\n","protected":false},"excerpt":{"rendered":"<p>El poder de los servicios SEO: c\u00f3mo llevar tu negocio al siguiente nivel<br \/>\nEn el mundo digital actual, tener una s\u00f3lida presencia en Internet es esencial para el \u00e9xito de cualquier negocio. Sin embargo, no basta con tener un sitio web. Para que tu negocio sea visible y accesible para tus clientes potenciales, necesitas una estrategia SEO eficaz.  <\/p>\n","protected":false},"author":3,"featured_media":4432,"parent":0,"menu_order":0,"comment_status":"closed","ping_status":"closed","template":"","meta":{"footnotes":""},"class_list":["post-2818","page","type-page","status-publish","has-post-thumbnail","hentry"],"_links":{"self":[{"href":"https:\/\/bhmontejo.com\/es\/wp-json\/wp\/v2\/pages\/2818","targetHints":{"allow":["GET"]}}],"collection":[{"href":"https:\/\/bhmontejo.com\/es\/wp-json\/wp\/v2\/pages"}],"about":[{"href":"https:\/\/bhmontejo.com\/es\/wp-json\/wp\/v2\/types\/page"}],"author":[{"embeddable":true,"href":"https:\/\/bhmontejo.com\/es\/wp-json\/wp\/v2\/users\/3"}],"replies":[{"embeddable":true,"href":"https:\/\/bhmontejo.com\/es\/wp-json\/wp\/v2\/comments?post=2818"}],"version-history":[{"count":0,"href":"https:\/\/bhmontejo.com\/es\/wp-json\/wp\/v2\/pages\/2818\/revisions"}],"wp:featuredmedia":[{"embeddable":true,"href":"https:\/\/bhmontejo.com\/es\/wp-json\/wp\/v2\/media\/4432"}],"wp:attachment":[{"href":"https:\/\/bhmontejo.com\/es\/wp-json\/wp\/v2\/media?parent=2818"}],"curies":[{"name":"wp","href":"https:\/\/api.w.org\/{rel}","templated":true}]}}