{"id":2807,"date":"2021-08-26T16:40:17","date_gmt":"2021-08-26T16:40:17","guid":{"rendered":"https:\/\/bhmontejo.com\/politica-de-privacidad\/"},"modified":"2024-12-27T22:09:24","modified_gmt":"2024-12-27T22:09:24","slug":"politica-de-privacidad","status":"publish","type":"page","link":"https:\/\/bhmontejo.com\/es\/politica-de-privacidad\/","title":{"rendered":"Pol\u00edtica de privacidad"},"content":{"rendered":"\n<p>En cumplimiento del Reglamento General de Protecci\u00f3n de Datos (RGPD) y de la Ley Org\u00e1nica 3\/2018 de Protecci\u00f3n de Datos Personales y Garant\u00eda de los Derechos Digitales (LOPDGDD), te facilitamos la siguiente informaci\u00f3n sobre el tratamiento de tus datos personales en nuestra pol\u00edtica de privacidad:<\/p>\n\n<h2 class=\"wp-block-heading\">Controlador de datos<\/h2>\n\n<ul class=\"wp-block-list\">\n<li>Identidad: Ben Hur.<\/li>\n\n\n\n<li>N\u00famero de IVA: 26550543X.<\/li>\n\n\n\n<li>Direcci\u00f3n: Torrent, Valencia, Espa\u00f1a<\/li>\n\n\n\n<li><a href=\"mailto:hi@bhmontejo.com\">E-mail: hi@bhmontejo.com<\/a><\/li>\n\n\n\n<li>Tel\u00e9fono: <a href=\"tel:+34622256053\" data-type=\"tel\" data-id=\"tel:+34622256053\">+34622256053<\/a><\/li>\n<\/ul>\n\n<h2 class=\"wp-block-heading\">Qui\u00e9nes somos<\/h2>\n\n<p>Nuestra web es: <a href=\"https:\/\/bhmontejo.com\/es\/\">https:\/\/bhmontejo.com<\/a><\/p>\n\n<h2 class=\"wp-block-heading\">Comentarios<\/h2>\n\n<p>Cuando los visitantes dejan comentarios en el sitio, recogemos los datos que aparecen en el formulario de comentarios, as\u00ed como la direcci\u00f3n IP del visitante y la cadena de agentes de usuario del navegador para ayudar a la detecci\u00f3n de spam.<\/p>\n\n<p>Se puede proporcionar al servicio Gravatar una cadena an\u00f3nima creada a partir de tu direcci\u00f3n de correo electr\u00f3nico (tambi\u00e9n llamada hash) para saber si la est\u00e1s utilizando. La pol\u00edtica de privacidad del servicio Gravatar est\u00e1 disponible aqu\u00ed: <a href=\"https:\/\/automattic.com\/privacy\/\" target=\"_blank\" rel=\"noreferrer noopener\">https:\/\/automattic.com\/privacy\/<\/a>. Tras la aprobaci\u00f3n de tu comentario, tu imagen de perfil es visible para el p\u00fablico en el contexto de tu comentario.<\/p>\n\n<h2 class=\"wp-block-heading\">Media<\/h2>\n\n<p>Si subes im\u00e1genes al sitio, debes evitar subir im\u00e1genes con datos de localizaci\u00f3n (GPS EXIF) incluidos. Los visitantes del sitio web pueden descargar y extraer cualquier dato de localizaci\u00f3n de las im\u00e1genes del sitio web.<\/p>\n\n<h2 class=\"wp-block-heading\">Cookies<\/h2>\n\n<p>Si dejas un comentario en nuestro sitio, puedes elegir guardar tu nombre, direcci\u00f3n de correo electr\u00f3nico y sitio web en cookies. Esto es para tu comodidad, para que no tengas que volver a rellenar tus datos cuando dejes otro comentario. Estas galletas durar\u00e1n un a\u00f1o.<\/p>\n\n<p>Si tienes una cuenta e inicias sesi\u00f3n en este sitio, instalaremos una cookie temporal para determinar si tu navegador acepta cookies. Esta cookie no contiene datos personales y se elimina cuando cierras el navegador.<\/p>\n\n<p>Cuando inicies sesi\u00f3n, tambi\u00e9n instalaremos varias cookies para almacenar tu informaci\u00f3n de inicio de sesi\u00f3n y las opciones de visualizaci\u00f3n de la pantalla. Las cookies de inicio de sesi\u00f3n duran dos d\u00edas, y las cookies de opciones de visualizaci\u00f3n duran un a\u00f1o. Si seleccionas \u00abRecordarme\u00bb, tu inicio de sesi\u00f3n durar\u00e1 dos semanas. Si cierras la sesi\u00f3n de tu cuenta, se borrar\u00e1n tus cookies de acceso.<\/p>\n\n<p>Si editas o publicas un art\u00edculo, se almacenar\u00e1 una cookie adicional en tu navegador. Esta cookie no incluye datos personales y simplemente indica el ID del art\u00edculo que acabas de editar. Caduca al cabo de 1 d\u00eda.<\/p>\n\n<p>Puedes consultar nuestra <a href=\"https:\/\/bhmontejo.com\/es\/politica-de-cookies\/\" data-type=\"page\" data-id=\"1553\">pol\u00edtica de cookies<\/a> aqu\u00ed.<\/p>\n\n<h2 class=\"wp-block-heading\">Contenido incrustado de otros sitios web<\/h2>\n\n<p>Los art\u00edculos de este sitio pueden incluir contenido incrustado (por ejemplo, v\u00eddeos, im\u00e1genes, art\u00edculos, etc.). El contenido incrustado de otros sitios web se comporta exactamente igual que si el visitante hubiera visitado el otro sitio web.<\/p>\n\n<p>Estos sitios pueden recopilar datos sobre ti, utilizar cookies, incrustar seguimiento adicional de terceros y controlar tu interacci\u00f3n con ese contenido incrustado, incluido el seguimiento de tu interacci\u00f3n con el contenido incrustado si tienes una cuenta y has iniciado sesi\u00f3n en ese sitio.<\/p>\n\n<h2 class=\"wp-block-heading\">Con qui\u00e9n compartimos tu informaci\u00f3n<\/h2>\n\n<p>Si solicitas un restablecimiento de contrase\u00f1a, tu direcci\u00f3n IP se incluir\u00e1 en el correo electr\u00f3nico de restablecimiento.<\/p>\n\n<h2 class=\"wp-block-heading\">Cu\u00e1nto tiempo conservamos tus datos<\/h2>\n\n<p>Si dejas un comentario, el comentario y sus metadatos se conservan indefinidamente. Esto es para que podamos reconocer y aprobar los comentarios sucesivos autom\u00e1ticamente, en lugar de mantenerlos en una cola de moderaci\u00f3n.<\/p>\n\n<p>Para los usuarios que se registran en nuestro sitio (si los hay), tambi\u00e9n almacenamos la informaci\u00f3n personal que proporcionan en su perfil de usuario. Todos los usuarios pueden ver, editar o borrar su informaci\u00f3n personal en cualquier momento (excepto que no pueden cambiar su nombre de usuario). Los administradores del sitio tambi\u00e9n pueden ver y editar esa informaci\u00f3n.<\/p>\n\n<h2 class=\"wp-block-heading\">\u00bfQu\u00e9 derechos tienes sobre tus datos?<\/h2>\n\n<p>Si tienes una cuenta o has dejado comentarios en este sitio, puedes solicitar recibir un archivo de exportaci\u00f3n de los datos personales que tenemos sobre ti, incluidos los datos que nos hayas proporcionado. Tambi\u00e9n puedes solicitar que eliminemos cualquier dato personal que tengamos sobre ti. Esto no incluye ning\u00fan dato que debamos conservar por motivos administrativos, legales o de seguridad.<\/p>\n\n<h2 class=\"wp-block-heading\">D\u00f3nde se env\u00edan tus datos<\/h2>\n\n<p>Los comentarios de los visitantes pueden ser revisados por un servicio autom\u00e1tico de detecci\u00f3n de spam.<\/p>\n\n<h3 class=\"wp-block-heading\">WPML | Pol\u00edtica de privacidad<\/h3>\n\n<p>WPML utiliza cookies para identificar el idioma actual del visitante, el \u00faltimo idioma visitado y el idioma de los usuarios que han iniciado sesi\u00f3n.<\/p>\n\n<h3 class=\"wp-block-heading\">Gesti\u00f3n de traducciones WPML | Pol\u00edtica de privacidad<\/h3>\n\n<p>La Gesti\u00f3n de Traducci\u00f3n de WPML enviar\u00e1 la direcci\u00f3n de correo electr\u00f3nico y el nombre de cada gestor y traductor asignado, as\u00ed como el propio contenido al Editor de Traducci\u00f3n Avanzada y a los servicios de traducci\u00f3n que se utilicen.<\/p>\n\n<h3 class=\"wp-block-heading\">Traducci\u00f3n de cadenas WPML | Pol\u00edtica de privacidad<\/h3>\n\n<p>La Traducci\u00f3n de cadenas de WPML enviar\u00e1 todas las cadenas al Editor de traducci\u00f3n avanzada de WPML y a los servicios de traducci\u00f3n que se utilicen.<\/p>\n\n<h3 class=\"wp-block-heading\">LiteSpeed Cache | Privacy Policy<\/h3>\n\n<p>Este sitio utiliza el almacenamiento en cach\u00e9 para facilitar un tiempo de respuesta m\u00e1s r\u00e1pido y una mejor experiencia del usuario. La cach\u00e9 almacena potencialmente una copia duplicada de cada p\u00e1gina web que se muestra en este sitio. Todos los archivos de cach\u00e9 son temporales y ning\u00fan tercero tiene acceso a ellos, excepto si es necesario para obtener asistencia t\u00e9cnica del proveedor del complemento de cach\u00e9. Los archivos de cach\u00e9 caducan seg\u00fan un calendario establecido por el administrador del sitio, pero pueden ser f\u00e1cilmente purgados por el administrador antes de su caducidad natural, si es necesario. Podemos utilizar los servicios de QUIC.cloud para procesar &amp; almacenar tus datos en cach\u00e9 temporalmente.    <\/p>\n\n<p>Consulta <a href=\"https:\/\/quic.cloud\/privacy-policy\/\" target=\"_blank\" rel=\"noreferrer noopener\">https:\/\/quic.cloud\/privacy-policy\/<\/a> para obtener m\u00e1s informaci\u00f3n sobre la pol\u00edtica de privacidad.<\/p>\n","protected":false},"excerpt":{"rendered":"<p>Descubre c\u00f3mo protegemos tu informaci\u00f3n personal. Pol\u00edtica de privacidad completa y transparente que cumple con el GDPR y la normativa espa\u00f1ola de protecci\u00f3n de datos. <\/p>\n","protected":false},"author":3,"featured_media":2805,"parent":0,"menu_order":0,"comment_status":"closed","ping_status":"closed","template":"","meta":{"footnotes":""},"class_list":["post-2807","page","type-page","status-publish","has-post-thumbnail","hentry"],"_links":{"self":[{"href":"https:\/\/bhmontejo.com\/es\/wp-json\/wp\/v2\/pages\/2807","targetHints":{"allow":["GET"]}}],"collection":[{"href":"https:\/\/bhmontejo.com\/es\/wp-json\/wp\/v2\/pages"}],"about":[{"href":"https:\/\/bhmontejo.com\/es\/wp-json\/wp\/v2\/types\/page"}],"author":[{"embeddable":true,"href":"https:\/\/bhmontejo.com\/es\/wp-json\/wp\/v2\/users\/3"}],"replies":[{"embeddable":true,"href":"https:\/\/bhmontejo.com\/es\/wp-json\/wp\/v2\/comments?post=2807"}],"version-history":[{"count":0,"href":"https:\/\/bhmontejo.com\/es\/wp-json\/wp\/v2\/pages\/2807\/revisions"}],"wp:featuredmedia":[{"embeddable":true,"href":"https:\/\/bhmontejo.com\/es\/wp-json\/wp\/v2\/media\/2805"}],"wp:attachment":[{"href":"https:\/\/bhmontejo.com\/es\/wp-json\/wp\/v2\/media?parent=2807"}],"curies":[{"name":"wp","href":"https:\/\/api.w.org\/{rel}","templated":true}]}}