{"id":2791,"date":"2021-11-13T16:23:37","date_gmt":"2021-11-13T16:23:37","guid":{"rendered":"https:\/\/bhmontejo.com\/politica-de-cookies\/"},"modified":"2024-12-29T11:58:14","modified_gmt":"2024-12-29T11:58:14","slug":"politica-de-cookies","status":"publish","type":"page","link":"https:\/\/bhmontejo.com\/es\/politica-de-cookies\/","title":{"rendered":"Pol\u00edtica de cookies"},"content":{"rendered":"\n<h2 class=\"wp-block-heading\">Introducci\u00f3n a la pol\u00edtica de cookies<\/h2>\n\n<p>Esta Pol\u00edtica de Cookies explica c\u00f3mo BHMONTEJO (\u00abnosotros\u00bb, \u00abnos\u00bb o \u00abnuestro\u00bb) utiliza las cookies y tecnolog\u00edas similares cuando visitas nuestro sitio web bhmontejo.com (el \u00abSITIO\u00bb).<\/p>\n\n<p>Nos comprometemos a proteger tu privacidad y a ofrecer transparencia sobre nuestras pr\u00e1cticas en materia de datos. Lee atentamente esta pol\u00edtica para comprender c\u00f3mo utilizamos las cookies y las opciones que tienes respecto a su uso. <\/p>\n\n<p>En cumplimiento de la normativa vigente en materia de <a href=\"https:\/\/bhmontejo.com\/es\/politica-de-privacidad\/\" data-type=\"page\" data-id=\"1537\">protecci\u00f3n de datos<\/a> y cookies, en concreto el Reglamento (UE) 2016\/679 del Parlamento Europeo y del Consejo de 27 de abril de 2016 (GDPR), la Ley Org\u00e1nica 3\/2018 de Protecci\u00f3n de Datos Personales y Garant\u00eda de los Derechos Digitales (LOPDGDD), y el Real Decreto-Ley 13\/2012, te informamos sobre el uso de cookies en nuestra p\u00e1gina web.<\/p>\n\n<h2 class=\"wp-block-heading\">\u00bfQu\u00e9 son las cookies?<\/h2>\n\n<p>Las cookies son peque\u00f1os archivos de texto que se colocan en tu ordenador o dispositivo m\u00f3vil cuando visitas un sitio web. Se utilizan ampliamente para hacer que los sitios web funcionen de forma m\u00e1s eficiente y para proporcionar informaci\u00f3n a los propietarios del sitio. <\/p>\n\n<p>Las cookies cumplen varias funciones, como permitirte navegar entre p\u00e1ginas de forma eficiente, recordar tus preferencias y mejorar tu experiencia general de navegaci\u00f3n.<\/p>\n\n<h2 class=\"wp-block-heading\">C\u00f3mo utilizamos las cookies<\/h2>\n\n<p>Utilizamos cookies para diversos fines, entre ellos:<\/p>\n\n<ul class=\"wp-block-list\">\n<li><strong>Cookies esenciales:<\/strong> Estas cookies son esenciales para el funcionamiento de nuestro Sitio. Te permiten navegar por el Sitio y utilizar sus funciones, como acceder a \u00e1reas seguras. Sin estas cookies, algunas partes del Sitio podr\u00edan no funcionar correctamente.   <\/li>\n\n\n\n<li><strong>Cookies de rendimiento:<\/strong> Las cookies de rendimiento recopilan informaci\u00f3n sobre c\u00f3mo los visitantes utilizan nuestro Sitio, como las p\u00e1ginas que visitan con m\u00e1s frecuencia y si reciben mensajes de error. Estas cookies nos ayudan a mejorar el rendimiento de nuestro Sitio y a proporcionar una mejor experiencia al usuario. <\/li>\n\n\n\n<li><strong>Cookies de funcionalidad:<\/strong> Las cookies de funcionalidad permiten a nuestro Sitio recordar las elecciones que haces (como tu nombre de usuario, idioma o regi\u00f3n) y proporcionar funciones mejoradas y m\u00e1s personalizadas. <\/li>\n\n\n\n<li><strong>Cookies anal\u00edticas:<\/strong> Utilizamos cookies anal\u00edticas, como las proporcionadas por Google Analytics, para recopilar informaci\u00f3n sobre c\u00f3mo los visitantes utilizan nuestro Sitio. Esta informaci\u00f3n nos ayuda a comprender c\u00f3mo se utiliza nuestro Sitio y a realizar mejoras.  <\/li>\n\n\n\n<li><strong>Cookies de marketing:<\/strong> Las cookies de marketing pueden utilizarse para rastrear tu actividad a trav\u00e9s de los sitios web para permitirnos mostrar publicidad dirigida.<\/li>\n<\/ul>\n\n<p><\/p>\n\n<h2 class=\"wp-block-heading\">Tipos de cookies que utilizamos<\/h2>\n\n<p>Aqu\u00ed tienes una lista de los principales tipos de cookies que utilizamos en nuestro Sitio:<\/p>\n\n<ul class=\"wp-block-list\">\n<li><strong>Cookies de origen:<\/strong> Estas cookies las establecemos nosotros directamente y se utilizan para mejorar tu experiencia en nuestro Sitio.<\/li>\n\n\n\n<li><strong>Cookies de terceros:<\/strong> Estas cookies son instaladas por proveedores externos, como Google Analytics o redes publicitarias. Estos proveedores pueden utilizar cookies para recopilar informaci\u00f3n sobre tu actividad en l\u00ednea en diferentes sitios web. <\/li>\n\n\n\n<li><strong>Cookies de sesi\u00f3n:<\/strong> Estas cookies son temporales y se eliminan cuando cierras tu navegador.<\/li>\n\n\n\n<li><strong>Cookies persistentes:<\/strong> Estas cookies permanecen en tu dispositivo durante un periodo determinado o hasta que las eliminas. Nos ayudan a reconocerte como visitante recurrente y a recordar tus preferencias. <\/li>\n<\/ul>\n\n<p><\/p>\n\n<script type=\"text\/javascript\" charset=\"UTF-8\" data-cookiescriptreport=\"report\" src=\"\/\/report.cookie-script.com\/r\/d07a6a31675f709144a4ed780130458c.js\"><\/script>\n\n<hr class=\"wp-block-separator has-alpha-channel-opacity\"\/>\n\n<h2 class=\"wp-block-heading\">Tus opciones de cookies<\/h2>\n\n<p>Tienes varias opciones para gestionar las cookies:<\/p>\n\n<ul class=\"wp-block-list\">\n<li><strong>Configuraci\u00f3n del navegador:<\/strong> La mayor\u00eda de los navegadores web te permiten controlar las cookies a trav\u00e9s de sus preferencias de configuraci\u00f3n. Puedes configurar tu navegador para que bloquee todas las cookies, acepte s\u00f3lo determinados tipos de cookies o te pregunte cada vez que un sitio web quiera establecer una cookie. Ten en cuenta que bloquear todas las cookies puede afectar a la funcionalidad de nuestro Sitio y de otros sitios web que visites.  <\/li>\n\n\n\n<li><strong>Herramientas de gesti\u00f3n de cookies:<\/strong> Algunas herramientas de terceros y extensiones del navegador pueden ayudarte a gestionar las cookies m\u00e1s f\u00e1cilmente.<\/li>\n\n\n\n<li><strong>Se\u00f1ales \u00abNo rastrear\u00bb:<\/strong> Algunos navegadores ofrecen una se\u00f1al de \u00abNo rastrear\u00bb (DNT). Sin embargo, no existe una norma industrial sobre c\u00f3mo deben responder los sitios web a las se\u00f1ales DNT, y actualmente no respondemos a ellas. <\/li>\n<\/ul>\n\n<p><\/p>\n\n<h2 class=\"wp-block-heading\">Gesti\u00f3n de cookies<\/h2>\n\n<p>Puedes configurar tu navegador para que rechace todas las cookies, acepte s\u00f3lo algunas o las elimine. A continuaci\u00f3n encontrar\u00e1s instrucciones sobre c\u00f3mo gestionar las cookies en los navegadores m\u00e1s utilizados: <\/p>\n\n<ul class=\"wp-block-list\">\n<li><a href=\"https:\/\/policies.google.com\/technologies\/cookies?hl=es\" target=\"_blank\" data-type=\"link\" data-id=\"https:\/\/policies.google.com\/technologies\/cookies?hl=es\" rel=\"noreferrer noopener\">Google Chrome<\/a><\/li>\n\n\n\n<li><a href=\"https:\/\/www.mozilla.org\/es-ES\/privacy\/websites\/cookie-settings\/\" target=\"_blank\" data-type=\"link\" data-id=\"https:\/\/www.mozilla.org\/es-ES\/privacy\/websites\/cookie-settings\/\" rel=\"noreferrer noopener\">Mozilla Firefox<\/a><\/li>\n\n\n\n<li><a href=\"https:\/\/support.microsoft.com\/en-us\/windows\/manage-cookies-in-microsoft-edge-view-allow-block-delete-and-use-168dab11-0753-043d-7c16-ede5947fc64d\" target=\"_blank\" data-type=\"link\" data-id=\"https:\/\/support.microsoft.com\/en-us\/windows\/manage-cookies-in-microsoft-edge-view-allow-block-delete-and-use-168dab11-0753-043d-7c16-ede5947fc64d\" rel=\"noreferrer noopener\">Microsoft Edge<\/a><\/li>\n\n\n\n<li><a href=\"https:\/\/www.apple.com\/legal\/privacy\/en-ww\/cookies\/\" target=\"_blank\" data-type=\"link\" data-id=\"https:\/\/www.apple.com\/legal\/privacy\/en-ww\/cookies\/\" rel=\"noreferrer noopener\">Safari<\/a><\/li>\n\n\n\n<li>Internet Explorer<\/li>\n<\/ul>\n\n<p><\/p>\n\n<h2 class=\"wp-block-heading\">Consentimiento<\/h2>\n\n<p>Al navegar y continuar en nuestro sitio web, est\u00e1s consintiendo el uso de las cookies descritas en esta pol\u00edtica de cookies. Si no est\u00e1s de acuerdo, debes configurar tu navegador para que bloquee las cookies o abandonar el sitio web. <\/p>\n\n<h2 class=\"wp-block-heading\">Actualizaciones de la pol\u00edtica de cookies<\/h2>\n\n<p>Nos reservamos el derecho a cambiar esta pol\u00edtica de cookies en cualquier momento. Cualquier cambio ser\u00e1 publicado en esta p\u00e1gina, por lo que te rogamos que la consultes peri\u00f3dicamente. <\/p>\n\n<h2 class=\"wp-block-heading\">Informaci\u00f3n legal<\/h2>\n\n<p>Esta pol\u00edtica de cookies est\u00e1 elaborada de conformidad con el Reglamento (UE) 2016\/679, la Ley Org\u00e1nica 3\/2018, y el Real Decreto-Ley 13\/2012.<\/p>\n\n<h2 class=\"wp-block-heading\">Contacto<\/h2>\n\n<p>Si tienes alguna pregunta sobre nuestra pol\u00edtica de cookies, puedes ponerte en contacto con nosotros a trav\u00e9s de:<\/p>\n\n<p><a href=\"mailto:legal@bhmontejo.com\">E-mail: legal@bhmontejo.com<\/a><\/p>\n\n<p>2024 BHMONTEJO. Todos los derechos reservados. <br\/><br\/><\/p>\n\n<figure class=\"wp-block-image aligncenter size-full\"><img fetchpriority=\"high\" decoding=\"async\" width=\"1024\" height=\"1024\" src=\"https:\/\/bhmontejo.com\/wp-content\/uploads\/2024\/12\/cookie-policy.jpg\" alt=\"Pol&#xED;tica de cookies\" class=\"wp-image-3630\" srcset=\"https:\/\/bhmontejo.com\/wp-content\/uploads\/2024\/12\/cookie-policy.jpg 1024w, https:\/\/bhmontejo.com\/wp-content\/uploads\/2024\/12\/cookie-policy-300x300.jpg 300w, https:\/\/bhmontejo.com\/wp-content\/uploads\/2024\/12\/cookie-policy-150x150.jpg 150w, https:\/\/bhmontejo.com\/wp-content\/uploads\/2024\/12\/cookie-policy-768x768.jpg 768w\" sizes=\"(max-width: 1024px) 100vw, 1024px\" \/><figcaption class=\"wp-element-caption\">Pol\u00edtica de cookies<\/figcaption><\/figure>\n","protected":false},"excerpt":{"rendered":"<p>Descubre nuestra detallada pol\u00edtica de cookies, conforme al GDPR y a la legislaci\u00f3n espa\u00f1ola. Informaci\u00f3n clara sobre el uso de cookies, tu privacidad y tus datos <\/p>\n","protected":false},"author":3,"featured_media":3631,"parent":0,"menu_order":0,"comment_status":"closed","ping_status":"closed","template":"","meta":{"footnotes":""},"class_list":["post-2791","page","type-page","status-publish","has-post-thumbnail","hentry"],"_links":{"self":[{"href":"https:\/\/bhmontejo.com\/es\/wp-json\/wp\/v2\/pages\/2791","targetHints":{"allow":["GET"]}}],"collection":[{"href":"https:\/\/bhmontejo.com\/es\/wp-json\/wp\/v2\/pages"}],"about":[{"href":"https:\/\/bhmontejo.com\/es\/wp-json\/wp\/v2\/types\/page"}],"author":[{"embeddable":true,"href":"https:\/\/bhmontejo.com\/es\/wp-json\/wp\/v2\/users\/3"}],"replies":[{"embeddable":true,"href":"https:\/\/bhmontejo.com\/es\/wp-json\/wp\/v2\/comments?post=2791"}],"version-history":[{"count":0,"href":"https:\/\/bhmontejo.com\/es\/wp-json\/wp\/v2\/pages\/2791\/revisions"}],"wp:featuredmedia":[{"embeddable":true,"href":"https:\/\/bhmontejo.com\/es\/wp-json\/wp\/v2\/media\/3631"}],"wp:attachment":[{"href":"https:\/\/bhmontejo.com\/es\/wp-json\/wp\/v2\/media?parent=2791"}],"curies":[{"name":"wp","href":"https:\/\/api.w.org\/{rel}","templated":true}]}}