{"id":2788,"date":"2021-03-02T17:02:31","date_gmt":"2021-03-02T17:02:31","guid":{"rendered":"https:\/\/bhmontejo.com\/mentoria-seo\/"},"modified":"2025-07-27T18:07:51","modified_gmt":"2025-07-27T18:07:51","slug":"mentoria-seo","status":"publish","type":"page","link":"https:\/\/bhmontejo.com\/es\/mentoria-seo\/","title":{"rendered":"Mentor\u00eda SEO &amp; Mentor SEO"},"content":{"rendered":"\n<h2 class=\"wp-block-heading\">Mentor\u00eda SEO y gu\u00eda online de tu negocio<\/h2>\n\n<h3 class=\"wp-block-heading\">\u00bfTu web no vende? Vamos a arreglarlo juntos con esta mentor\u00eda SEO <\/h3>\n\n<p>\u00bfAlguna vez has pensado\u2026 \u00abMi web deber\u00eda tener m\u00e1s visitas\u2026 \u00bfpor qu\u00e9 no aparece en Google?\u00bb o \u00abAntes vend\u00eda m\u00e1s, \u00bfqu\u00e9 ha cambiado?\u00bb<\/p>\n\n<p>Hola, soy Ben \ud83d\udc4b y mi misi\u00f3n es ayudarte:<\/p>\n\n<ul class=\"wp-block-list\">\n<li><strong>Descubrir los errores SEO<\/strong> que est\u00e1n bloqueando tu crecimiento (s\u00ed, esos que no ves).<\/li>\n\n\n\n<li><strong>Recuperar visitas perdidas<\/strong> y atraer a m\u00e1s clientes ideales.<\/li>\n\n\n\n<li><strong>Crear una estrategia SEO a tu medida<\/strong>.<\/li>\n<\/ul>\n\n<p>As\u00ed funciona:<\/p>\n\n<ul class=\"wp-block-list\">\n<li><strong>Realizar\u00e9 un an\u00e1lisis tu sitio web<\/strong> (qu\u00e9 falla y qu\u00e9 oportunidades est\u00e1s perdiendo).<\/li>\n\n\n\n<li><strong>Te doy un plan claro<\/strong> (paso a paso, sin tecnicismos innecesarios).<\/li>\n\n\n\n<li><strong>Ajustaremos juntos<\/strong> para que empieces a ver resultados reales.<\/li>\n\n\n\n<li><strong>No es solo teor\u00eda:<\/strong> Ver\u00e1s cambios en tu tr\u00e1fico y ventas. \u00bfHablamos? <\/li>\n<\/ul>\n\n<h2 class=\"wp-block-heading\"><strong>\u00bfEn qu\u00e9 consiste la Mentor\u00eda SEO?<\/strong><br\/>\u00bfQu\u00e9 es un mentor SEO?<\/h2>\n\n<p>Imagina tener a tu lado a un experto que conoce los secretos del SEO actual. En estas sesiones 100% personalizadas, analizaremos tu proyecto como si fuera \u00fanico (porque lo es). <\/p>\n\n<p>Llevo m\u00e1s de 15 a\u00f1os ayudando a negocios como el tuyo a ser <strong>visibles en Google<\/strong>. No te hablar\u00e9 de teor\u00edas caducas, sino de estrategias que funcionan hoy mismo. <\/p>\n\n<p>Juntos identificaremos qu\u00e9 est\u00e1 frenando tu crecimiento org\u00e1nico. Trabajaremos sobre <strong>problemas reales<\/strong> de tu web, con soluciones pr\u00e1cticas que podr\u00e1s implementar r\u00e1pidamente. <\/p>\n\n<p>Esta mentor\u00eda est\u00e1 dise\u00f1ada para que veas cambios medibles: m\u00e1s tr\u00e1fico, mejores posiciones y clientes potenciales. Cada sesi\u00f3n se adapta a tus necesidades espec\u00edficas y <strong>objetivos comerciales<\/strong>. <\/p>\n\n<p><strong>\u00bfEst\u00e1s listo para transformar tu presencia digital?<\/strong> Con mi orientaci\u00f3n profesional, el \u00e9xito en SEO est\u00e1 m\u00e1s cerca de lo que crees. \u00a1Hablemos hoy mismo sobre tu proyecto! <\/p>\n\n<h2 class=\"wp-block-heading\"><strong>\u00bfC\u00f3mo puedo ayudarte como mentor SEO?<br\/><\/strong>\u00bfC\u00f3mo mejorar\u00e9 sus ventas?<\/h2>\n\n<h3 class=\"wp-block-heading\">Initial project analysis<\/h3>\n\n<p>As your SEO mentor, I will do a complete diagnosis of your site: I will review your keywords, structure and content to identify opportunities. We will use real data (not assumptions) to create a customized plan. Then we&#8217;ll have a clear understanding of where to start optimizing to improve your rankings.<\/p>\n\n<h3 class=\"wp-block-heading\">Analytics: Action tracking<\/h3>\n\n<p>Together we will set up and adjust the analytics tools so that you can clearly see where your visitors are coming from and what actions generate the most results. This way you can focus your efforts on what works for your business. Ready to make data-driven decisions?<\/p>\n\n<h3 class=\"wp-block-heading\">Your flexible, no-strings-attached SEO consultant<\/h3>\n\n<p>I will be your personalized guide to solve all your doubts about technical and content SEO, adapting to your schedule without fixed contracts. I will join your team as an external collaborator, helping you to adjust and improve your strategy continuously. The key advantage: you will have an expert SEO consultant at your disposal.<\/p>\n\n<h3 class=\"wp-block-heading\">Follow-up sessions<\/h3>\n\n<p>We can schedule frequent meetings to resolve your questions instantly and adjust your SEO strategy on the fly. These sessions are your opportunity to receive immediate feedback and course corrections when necessary. The best part: you&#8217;ll get clear answers at the right time when you need them.<\/p>\n\n<h2 class=\"wp-block-heading\">Tu mentor SEO con experiencia real (y resultados probados)<\/h2>\n\n<p>Llevo 15 a\u00f1os trabajando en el mundo del SEO, ayudando a empresas como la tuya a dominar Google. En nuestras sesiones, no solo resolveremos tus dudas, sino que crearemos un plan personalizado para que tu sitio web funcione para ti. <\/p>\n\n<p>Ver\u00e1s claramente qu\u00e9 partes de tu sitio necesitan atenci\u00f3n y qu\u00e9 pasos debes seguir para subir en los rankings. Con mi experiencia en palabras clave, optimizaci\u00f3n y construcci\u00f3n de enlaces, tendr\u00e1s las cartas ganadoras para destacar. <\/p>\n\n<p>\u00bfLo mejor? Sin compromisos. Contratas solo las horas que necesitas y ves c\u00f3mo crece tu tr\u00e1fico. \u00bfEst\u00e1s listo para empezar a vender m\u00e1s hoy mismo?   <\/p>\n\n<h2 class=\"wp-block-heading\">Tu socio en el mundo del SEO<\/h2>\n\n<p>Imagina tener a un experto en SEO a tu lado durante todo el tiempo que lo necesites. Con mi mentor\u00eda personalizada, exploraremos las mejores estrategias para que tu sitio web destaque en Google y atraiga a m\u00e1s clientes. <\/p>\n\n<p>\u00bfTienes preguntas sobre palabras clave? \u00bfOptimizaci\u00f3n de contenidos? Estar\u00e9 ah\u00ed para responder a tus preguntas sobre la marcha y guiarte paso a paso. Sin complicaciones, solo resultados reales y medibles para tu negocio.   <\/p>\n\n<p>Lo mejor de todo: trabajaremos a tu ritmo, con sesiones flexibles adaptadas a tus objetivos. \u00bfEst\u00e1s listo para impulsar tu visibilidad online? \u00a1Hablemos y creemos tu plan de acci\u00f3n SEO hoy mismo! \u2728<\/p>\n\n<h2 class=\"wp-block-heading\">Tu GPS personalizado en SEO<\/h2>\n\n<p>\u00bfQuieres que tu negocio destaque en Internet o dar un impulso a tu carrera digital? Con mi Mentor\u00eda SEO 100 % personalizada, aprender\u00e1s estrategias que realmente funcionan para ganar visibilidad y dejar atr\u00e1s a la competencia. <\/p>\n\n<p>No importa si acabas de empezar o ya tienes experiencia: juntos crearemos un plan a tu medida con las \u00faltimas t\u00e9cnicas de SEO. Desde encontrar las palabras clave ideales hasta optimizar tu sitio web, estar\u00e9 a tu lado en cada paso del camino. <\/p>\n\n<p>\u00bfLo mejor? No solo mejorar\u00e1s tu proyecto, sino que tambi\u00e9n adquirir\u00e1s habilidades valiosas para el futuro digital. \u00bfEst\u00e1s listo para transformar tu presencia en l\u00ednea?  <\/p>\n\n<p>Reserva tu primera sesi\u00f3n y \u00a1comencemos hoy mismo!<\/p>\n\n<h2 class=\"wp-block-heading\">\u00bfPara qui\u00e9n es este servicio de Mentor\u00eda SEO?<\/h2>\n\n<p><\/p>\n\n<p><\/p>\n\n<p><\/p>\n\n<h3 class=\"wp-block-heading\">Retos comunes del marketing digital que abordamos.<\/h3>\n\n<ul class=\"wp-block-list\">\n<li>Clasificaci\u00f3n estancada en los motores de b\u00fasqueda.<\/li>\n\n\n\n<li>Baja conversi\u00f3n del tr\u00e1fico org\u00e1nico.<\/li>\n\n\n\n<li>Estrategias de contenido ineficaces.<\/li>\n\n\n\n<li>Comprensi\u00f3n de algoritmos complejos.<\/li>\n\n\n\n<li>Panorama digital competitivo.<\/li>\n<\/ul>\n\n<h3 class=\"wp-block-heading\">Beneficios de la Mentor\u00eda SEO<\/h3>\n\n<div class=\"wp-block-group is-layout-flow wp-block-group-is-layout-flow\">\n<h4 class=\"wp-block-heading\">Perspectiva estrat\u00e9gica<\/h4>\n\n\n\n<p>Conoce a fondo la din\u00e1mica de los motores de b\u00fasqueda, los matices algor\u00edtmicos y el posicionamiento estrat\u00e9gico que te diferencia de la competencia.<\/p>\n\n\n\n<h4 class=\"wp-block-heading\">Itinerario de aprendizaje personalizado<\/h4>\n\n\n\n<p>Recibe un viaje educativo meticulosamente elaborado y adaptado a tus objetivos empresariales espec\u00edficos, al panorama del sector y a la madurez digital actual.<\/p>\n\n\n\n<h4 class=\"wp-block-heading\">Desarrollo de habilidades pr\u00e1cticas<\/h4>\n\n\n\n<p>Transforma los conocimientos te\u00f3ricos en estrategias viables mediante orientaci\u00f3n pr\u00e1ctica, ejercicios pr\u00e1cticos y apoyo a la aplicaci\u00f3n en el mundo real.<\/p>\n\n\n\n<h4 class=\"wp-block-heading\">Innovaci\u00f3n continua<\/h4>\n\n\n\n<p>Mantente a la vanguardia con actualizaciones continuas sobre las nuevas tendencias, herramientas y t\u00e9cnicas SEO directamente de los expertos l\u00edderes del sector.<\/p>\n<\/div>\n\n<h2 class=\"wp-block-heading\">Programas de mentor\u00eda a medida<\/h2>\n\n<h3 class=\"wp-block-heading\">Nivel inicial: Base digital<\/h3>\n\n<p>Ideal para emprendedores, peque\u00f1as empresas y profesionales que dan sus primeros pasos estrat\u00e9gicos en SEO.<\/p>\n\n<ul class=\"wp-block-list\">\n<li>2 sesiones de consulta en profundidad de 1 hora.<\/li>\n\n\n\n<li>Auditor\u00eda SEO inicial exhaustiva.<\/li>\n\n\n\n<li>Plan de acci\u00f3n personalizado.<\/li>\n\n\n\n<li>Investigaci\u00f3n y an\u00e1lisis de palabras clave.<\/li>\n\n\n\n<li>Recomendaciones t\u00e9cnicas b\u00e1sicas de SEO.<\/li>\n\n\n\n<li>Ayuda por correo electr\u00f3nico durante 30 d\u00edas.<\/li>\n<\/ul>\n\n<h3 class=\"wp-block-heading\">Nivel profesional: Aceleraci\u00f3n estrat\u00e9gica<\/h3>\n\n<p>Dise\u00f1ado para empresas en crecimiento que buscan una orientaci\u00f3n estrat\u00e9gica integral y una mejora continua.<\/p>\n\n<ul class=\"wp-block-list\">\n<li>4 sesiones de consulta estrat\u00e9gica de 1 hora.<\/li>\n\n\n\n<li>Revisi\u00f3n t\u00e9cnica avanzada de SEO.<\/li>\n\n\n\n<li>Desarrollo exhaustivo de la estrategia de palabras clave.<\/li>\n\n\n\n<li>An\u00e1lisis del panorama competitivo.<\/li>\n\n\n\n<li>Estrategia y optimizaci\u00f3n de contenidos.<\/li>\n\n\n\n<li>Seguimiento mensual de los resultados.<\/li>\n\n\n\n<li>Perfeccionamiento trimestral de la estrategia.<\/li>\n\n\n\n<li>Asistencia prioritaria por correo electr\u00f3nico y chat.<\/li>\n<\/ul>\n\n<h2 class=\"wp-block-heading\">Nivel empresarial: Transformaci\u00f3n digital<\/h2>\n\n<p>Mentor\u00eda integral para organizaciones que requieren una estrategia e implementaci\u00f3n de marketing digital avanzada y exhaustiva.<\/p>\n\n<ul class=\"wp-block-list\">\n<li>6 sesiones de consulta ejecutiva de 1 hora.<\/li>\n\n\n\n<li>An\u00e1lisis completo del ecosistema SEO.<\/li>\n\n\n\n<li>Evaluaci\u00f3n comparativa avanzada de la competencia.<\/li>\n\n\n\n<li>Estrategia integrada de contenidos y SEO t\u00e9cnico.<\/li>\n\n\n\n<li>An\u00e1lisis de tendencias basado en el aprendizaje autom\u00e1tico.<\/li>\n\n\n\n<li>Estrategia de optimizaci\u00f3n multiplataforma.<\/li>\n\n\n\n<li>Revisiones estrat\u00e9gicas trimestrales.<\/li>\n\n\n\n<li>Accesibilidad dedicada a los mentores.<\/li>\n\n\n\n<li>Informes y perspectivas personalizados.<\/li>\n<\/ul>\n\n<h2 class=\"wp-block-heading\">Nuestra probada metodolog\u00eda de Mentor\u00eda SEO<\/h2>\n\n<h3 class=\"wp-block-heading\">1. Evaluaci\u00f3n diagn\u00f3stica<\/h3>\n\n<p>Evaluaci\u00f3n exhaustiva de tu presencia digital actual, identificando puntos fuertes, puntos d\u00e9biles y oportunidades sin explotar.<\/p>\n\n<h3 class=\"wp-block-heading\">2. Desarrollo de una hoja de ruta estrat\u00e9gica<\/h3>\n\n<p>Elaborar una <a href=\"https:\/\/bhmontejo.com\/es\/\" data-type=\"page\" data-id=\"746\">estrategia SEO<\/a> a medida, basada en datos y alineada con tus objetivos empresariales y tu posicionamiento en el mercado.<\/p>\n\n<h3 class=\"wp-block-heading\">3. Orientaciones para la aplicaci\u00f3n<\/h3>\n\n<p>Apoyo pr\u00e1ctico en la ejecuci\u00f3n de tu estrategia, proporcionando conocimientos t\u00e9cnicos, recomendaciones de contenido y ejecuci\u00f3n t\u00e1ctica.<\/p>\n\n<h3 class=\"wp-block-heading\">4. Optimizaci\u00f3n continua<\/h3>\n\n<p>Supervisi\u00f3n continua, seguimiento del rendimiento y perfeccionamiento \u00e1gil de la estrategia para garantizar un crecimiento digital sostenido.<\/p>\n\n<h2 class=\"wp-block-heading\">Herramientas y tecnolog\u00edas de vanguardia<\/h2>\n\n<p>Aprovechamos los an\u00e1lisis avanzados, los conocimientos de aprendizaje autom\u00e1tico y las plataformas l\u00edderes del sector para ofrecer una mentor\u00eda SEO sin igual.<\/p>\n\n<ul class=\"wp-block-list\">\n<li><a href=\"https:\/\/search.google.com\/search-console\/about\" data-type=\"link\" data-id=\"https:\/\/search.google.com\/search-console\/about\" target=\"_blank\" rel=\"noreferrer noopener\">Google Search Console.<\/a><\/li>\n\n\n\n<li>SEMrush.<\/li>\n\n\n\n<li>Ahrefs.<\/li>\n\n\n\n<li>Moz Pro.<\/li>\n\n\n\n<li>Google Analytics.<\/li>\n\n\n\n<li>Herramientas de an\u00e1lisis de tendencias de aprendizaje autom\u00e1tico.<\/li>\n<\/ul>\n\n<h2 class=\"wp-block-heading\">Tu viaje de mentor\u00eda SEO: Una visi\u00f3n global<\/h2>\n\n<ol class=\"wp-block-list\">\n<li><strong>Consulta inicial:<\/strong> Evaluaci\u00f3n en profundidad de tu ecosistema digital.<\/li>\n\n\n\n<li><strong>Planificaci\u00f3n estrat\u00e9gica:<\/strong> Desarrollar una hoja de ruta SEO matizada y basada en datos.<\/li>\n\n\n\n<li><strong>Apoyo a la ejecuci\u00f3n:<\/strong> Ejecuci\u00f3n guiada de las recomendaciones estrat\u00e9gicas.<\/li>\n\n\n\n<li><strong>Aprendizaje continuo:<\/strong> Formaci\u00f3n continua y desarrollo de habilidades.<\/li>\n\n\n\n<li><strong>Seguimiento de los resultados:<\/strong> Seguimiento regular y perfeccionamiento estrat\u00e9gico.<\/li>\n<\/ol>\n\n<h2 class=\"wp-block-heading\">Preguntas m\u00e1s frecuentes<\/h2>\n<div id=\"rank-math-faq\" class=\"rank-math-block\">\n<div class=\"rank-math-list \">\n<div id=\"faq-question-1733520225495\" class=\"rank-math-list-item\">\n<h3 class=\"rank-math-question \">\u00bfCu\u00e1nto suele durar un programa de mentor\u00eda SEO?<\/h3>\n<div class=\"rank-math-answer \">\n\n<p>Puedes elegir entre 1 mes y 1 a\u00f1o con posibilidad de pr\u00f3rroga.<\/p>\n\n<\/div>\n<\/div>\n<div id=\"faq-question-1733520243479\" class=\"rank-math-list-item\">\n<h3 class=\"rank-math-question \">\u00bfTus servicios se limitan a las empresas radicadas en Espa\u00f1a?<\/h3>\n<div class=\"rank-math-answer \">\n\n<p>No, the mentoring services are global.<\/p>\n\n<\/div>\n<\/div>\n<\/div>\n<\/div>\n<p><\/p>\n\n<h2 class=\"wp-block-heading\">Historias de \u00e9xito: Viajes digitales<\/h2>\n\n<blockquote class=\"wp-block-quote is-layout-flow wp-block-quote-is-layout-flow\">\n<p>\u00abEl programa de mentor\u00eda SEO cambi\u00f3 las reglas del juego. Vimos un aumento del 250% en el tr\u00e1fico org\u00e1nico y un aumento del 40% en las tasas de conversi\u00f3n en ocho meses\u00bb &#8211; Arianne, Directora de Marketing Digital del Grupo Onefam.<\/p>\n<\/blockquote>\n\n<blockquote class=\"wp-block-quote is-layout-flow wp-block-quote-is-layout-flow\">\n<p>\u00abSu enfoque personalizado transform\u00f3 nuestra comprensi\u00f3n del marketing digital. La mentor\u00eda fue mucho m\u00e1s all\u00e1 de la consultor\u00eda tradicional\u00bb- Juan Laj\u00e1rin, CEO de TourmeOut.<\/p>\n\n\n\n<h2 class=\"wp-block-heading\">\u00bfPreparado para revolucionar tu estrategia digital?<\/h2>\n\n\n\n<p>Desbloquea tu potencial digital con nuestra completa mentor\u00eda SEO. Reserva una consulta estrat\u00e9gica gratuita de 45 minutos y descubre c\u00f3mo podemos elevar tu presencia online.  <a href=\"https:\/\/calendar.google.com\/calendar\/appointments\/AcZssZ31-z7HVg9CR3bf01Jb6kq8wLIbQqxhQbcDv0A=?gv=true\" target=\"_blank\" rel=\"noreferrer noopener\">Programa tu consulta estrat\u00e9gica<\/a><\/p>\n\n\n\n<p><\/p>\n<\/blockquote>\n\n<figure class=\"wp-block-image aligncenter size-full\"><img fetchpriority=\"high\" decoding=\"async\" width=\"1024\" height=\"1024\" src=\"https:\/\/bhmontejo.com\/wp-content\/uploads\/2024\/12\/seo-mentorign-bhmontejo.jpg\" alt=\"Mentor&#xED;a SEO\" class=\"wp-image-4317\" srcset=\"https:\/\/bhmontejo.com\/wp-content\/uploads\/2024\/12\/seo-mentorign-bhmontejo.jpg 1024w, https:\/\/bhmontejo.com\/wp-content\/uploads\/2024\/12\/seo-mentorign-bhmontejo-300x300.jpg 300w, https:\/\/bhmontejo.com\/wp-content\/uploads\/2024\/12\/seo-mentorign-bhmontejo-150x150.jpg 150w, https:\/\/bhmontejo.com\/wp-content\/uploads\/2024\/12\/seo-mentorign-bhmontejo-768x768.jpg 768w\" sizes=\"(max-width: 1024px) 100vw, 1024px\" \/><figcaption class=\"wp-element-caption\">Mentor\u00eda SEO<\/figcaption><\/figure>\n","protected":false},"excerpt":{"rendered":"<p>Mentor\u00eda SEO integral: Tu puerta a la excelencia digital<br \/>\nOrientaci\u00f3n transformadora y personalizada para disparar tu visibilidad online e impulsar un crecimiento org\u00e1nico sostenible<br \/>\nMentor\u00eda SEO desmitificadora: Tu gu\u00eda digital estrat\u00e9gica<\/p>\n","protected":false},"author":3,"featured_media":2734,"parent":0,"menu_order":0,"comment_status":"closed","ping_status":"closed","template":"","meta":{"footnotes":""},"class_list":["post-2788","page","type-page","status-publish","has-post-thumbnail","hentry"],"_links":{"self":[{"href":"https:\/\/bhmontejo.com\/es\/wp-json\/wp\/v2\/pages\/2788","targetHints":{"allow":["GET"]}}],"collection":[{"href":"https:\/\/bhmontejo.com\/es\/wp-json\/wp\/v2\/pages"}],"about":[{"href":"https:\/\/bhmontejo.com\/es\/wp-json\/wp\/v2\/types\/page"}],"author":[{"embeddable":true,"href":"https:\/\/bhmontejo.com\/es\/wp-json\/wp\/v2\/users\/3"}],"replies":[{"embeddable":true,"href":"https:\/\/bhmontejo.com\/es\/wp-json\/wp\/v2\/comments?post=2788"}],"version-history":[{"count":0,"href":"https:\/\/bhmontejo.com\/es\/wp-json\/wp\/v2\/pages\/2788\/revisions"}],"wp:featuredmedia":[{"embeddable":true,"href":"https:\/\/bhmontejo.com\/es\/wp-json\/wp\/v2\/media\/2734"}],"wp:attachment":[{"href":"https:\/\/bhmontejo.com\/es\/wp-json\/wp\/v2\/media?parent=2788"}],"curies":[{"name":"wp","href":"https:\/\/api.w.org\/{rel}","templated":true}]}}