{"id":2768,"date":"2018-11-13T09:48:42","date_gmt":"2018-11-13T09:48:42","guid":{"rendered":"https:\/\/bhmontejo.com\/consultor-seo\/"},"modified":"2025-02-28T16:01:42","modified_gmt":"2025-02-28T16:01:42","slug":"consultor-seo","status":"publish","type":"page","link":"https:\/\/bhmontejo.com\/es\/","title":{"rendered":"Consultor SEO"},"content":{"rendered":"\n<h2 class=\"wp-block-heading\">Consultor SEO y servicios de expertos SEO<\/h2>\n\n<p>Llevo trabajando en el mundo online desde 2006, desde la creaci\u00f3n y optimizaci\u00f3n de p\u00e1ginas web corporativas y de marcas, tiendas online hasta la creaci\u00f3n de una estrategia SEO completa. Me considero un \u00ab<a href=\"https:\/\/bhmontejo.com\/what-is-seo-consultant-and-what-are-their-tasks\/\" data-type=\"post\" data-id=\"3368\">Consultor SEO<\/a>\u00bb especializado en campa\u00f1as de marketing, que gestiono personalmente gracias a mis m\u00e1s de 10 a\u00f1os de experiencia en Marketing Digital y Comunicaci\u00f3n. Adem\u00e1s, contamos con especialistas en diversos campos y te invito a que te pongas en contacto con nosotros para hablar de tu proyecto en l\u00ednea.<\/p>\n\n<h2 class=\"wp-block-heading\">\u00bfQu\u00e9 quieres decir con SEO?<\/h2>\n\n<p>B\u00e1sicamente, el SEO es una serie de t\u00e9cnicas para mejorar la visibilidad de tu sitio web o negocio online.<\/p>\n\n<h3 class=\"wp-block-heading\">Definici\u00f3n cl\u00e1sica de SEO<\/h3>\n\n<p><strong>SEO (Search Engine Optimization) es, por definici\u00f3n, Optimizaci\u00f3n para Motores de B\u00fasqueda.<\/strong><\/p>\n\n<p>Com\u00fanmente conocido como posicionamiento, optimizaci\u00f3n para buscadores u optimizaci\u00f3n web, es el proceso t\u00e9cnico por el que se realizan cambios en la estructura, contenido e informaci\u00f3n de un sitio web, con el objetivo de mejorar su visibilidad en los resultados org\u00e1nicos de los diferentes buscadores (las SERPs).<\/p>\n\n<h3 class=\"wp-block-heading\">Definici\u00f3n PERSONAL de SEO<\/h3>\n\n<p>Para m\u00ed, la mejor forma de explicarlo es la siguiente: \u00abSEO son todas las acciones encaminadas a MEJORAR la VISIBILIDAD de un SITIO WEB\u00bb.<\/p>\n\n<figure class=\"wp-block-pullquote\"><blockquote><p>Mi prop\u00f3sito es ayudar, cuando te pongas en contacto conmigo en la primera reuni\u00f3n te har\u00e9 algunas preguntas relacionadas con tu empresa o negocio.<\/p><cite>Tenemos un negocio online y queremos posicionarnos<\/cite><\/blockquote><\/figure>\n\n<h3 class=\"wp-block-heading\">Tenemos un negocio online y queremos posicionarnos<\/h3>\n\n<h4 class=\"wp-block-heading\">Mejoremos el rendimiento de tu negocio online.<\/h4>\n\n<h5 class=\"wp-block-heading\">\u00bfNecesitamos una auditor\u00eda SEO del sitio web? \u00bfC\u00f3mo mejoramos el ROI?<\/h5>\n\n<p>Todas estas dudas son mi d\u00eda a d\u00eda y tengo respuestas a la mayor\u00eda de ellas gracias a mi experiencia en el sector.<\/p>\n\n<h5 class=\"wp-block-heading\">\u00bfEst\u00e1s pensando en mejorar o redise\u00f1ar tu sitio web?<\/h5>\n\n<p>Aumentaremos las ventas de tu tienda online, subiremos la posici\u00f3n de tu web en Google y tendr\u00e1s una mayor visibilidad en el buscador rey. Tambi\u00e9n captaremos m\u00e1s tr\u00e1fico, conseguiremos m\u00e1s seguidores en tus redes sociales y te haremos ganar m\u00e1s dinero. Vamos a ayudarte.<\/p>\n\n<p>Te invito a dar el salto con expertos con m\u00e1s de una d\u00e9cada de experiencia? \u00bfS\u00ed? Entonces tendr\u00e1s un Consultor SEO y SEM a tu disposici\u00f3n. Trabajemos juntos para que tu negocio online sea productivo.<\/p>\n\n<p><\/p>\n\n<figure class=\"wp-block-image aligncenter size-full\"><img fetchpriority=\"high\" decoding=\"async\" width=\"1792\" height=\"672\" src=\"https:\/\/bhmontejo.com\/wp-content\/uploads\/2024\/11\/a-skilled-seo-consultant-analysing-data-by-seo.webp\" alt=\"Consultor SEO analizando datos\" class=\"wp-image-3394\" srcset=\"https:\/\/bhmontejo.com\/wp-content\/uploads\/2024\/11\/a-skilled-seo-consultant-analysing-data-by-seo.webp 1792w, https:\/\/bhmontejo.com\/wp-content\/uploads\/2024\/11\/a-skilled-seo-consultant-analysing-data-by-seo-300x113.webp 300w, https:\/\/bhmontejo.com\/wp-content\/uploads\/2024\/11\/a-skilled-seo-consultant-analysing-data-by-seo-1024x384.webp 1024w, https:\/\/bhmontejo.com\/wp-content\/uploads\/2024\/11\/a-skilled-seo-consultant-analysing-data-by-seo-768x288.webp 768w, https:\/\/bhmontejo.com\/wp-content\/uploads\/2024\/11\/a-skilled-seo-consultant-analysing-data-by-seo-1536x576.webp 1536w\" sizes=\"(max-width: 1792px) 100vw, 1792px\" \/><figcaption class=\"wp-element-caption\">Consultor SEO analizando datos<\/figcaption><\/figure>\n","protected":false},"excerpt":{"rendered":"<p>Consultor SEO \ud83e\udd47 Marketing Digital Hola, soy Ben Hur. Puedo ayudarte a impulsar tu negocio con estrategias de marketing online \u2705<\/p>\n","protected":false},"author":3,"featured_media":2737,"parent":0,"menu_order":0,"comment_status":"closed","ping_status":"closed","template":"","meta":{"footnotes":""},"class_list":["post-2768","page","type-page","status-publish","has-post-thumbnail","hentry"],"_links":{"self":[{"href":"https:\/\/bhmontejo.com\/es\/wp-json\/wp\/v2\/pages\/2768","targetHints":{"allow":["GET"]}}],"collection":[{"href":"https:\/\/bhmontejo.com\/es\/wp-json\/wp\/v2\/pages"}],"about":[{"href":"https:\/\/bhmontejo.com\/es\/wp-json\/wp\/v2\/types\/page"}],"author":[{"embeddable":true,"href":"https:\/\/bhmontejo.com\/es\/wp-json\/wp\/v2\/users\/3"}],"replies":[{"embeddable":true,"href":"https:\/\/bhmontejo.com\/es\/wp-json\/wp\/v2\/comments?post=2768"}],"version-history":[{"count":0,"href":"https:\/\/bhmontejo.com\/es\/wp-json\/wp\/v2\/pages\/2768\/revisions"}],"wp:featuredmedia":[{"embeddable":true,"href":"https:\/\/bhmontejo.com\/es\/wp-json\/wp\/v2\/media\/2737"}],"wp:attachment":[{"href":"https:\/\/bhmontejo.com\/es\/wp-json\/wp\/v2\/media?parent=2768"}],"curies":[{"name":"wp","href":"https:\/\/api.w.org\/{rel}","templated":true}]}}